{"id":4535,"date":"2025-11-11T21:34:43","date_gmt":"2025-11-11T21:34:43","guid":{"rendered":"https:\/\/nesreenbarwari.com\/aliye-afiriner\/"},"modified":"2025-11-23T10:22:30","modified_gmt":"2025-11-23T10:22:30","slug":"aliye-afiriner","status":"publish","type":"page","link":"https:\/\/nesreenbarwari.com\/krm\/aliye-afiriner\/","title":{"rendered":"Aliy\u00ea Afir\u00eener"},"content":{"rendered":"<div id='welcome'  class='av-layout-grid-container av-d3k0wr-ff173b6939c81680b32726700ca446ab entry-content-wrapper main_color av-fixed-cells  avia-builder-el-0  el_before_av_layout_row  avia-builder-el-first   container_wrap sidebar_right'  >\n\n<style type=\"text\/css\" data-created_by=\"avia_inline_auto\" id=\"style-css-av-b252az-1e8929bbd2d36af173f2eeb17c5a470f\">\n.flex_cell.av-b252az-1e8929bbd2d36af173f2eeb17c5a470f{\nvertical-align:top;\nheight:15px;\nmin-height:15px;\nbackground-color:#8d4448;\n}\n.responsive #top #wrap_all .flex_cell.av-b252az-1e8929bbd2d36af173f2eeb17c5a470f{\npadding:0px 0px 0px 0px !important;\n}\n<\/style>\n<div class='flex_cell av-b252az-1e8929bbd2d36af173f2eeb17c5a470f av-gridrow-cell av_one_fourth no_margin  avia-builder-el-1  el_before_av_cell_one_fourth  avia-builder-el-first  content-align-top av-zero-padding'  ><div class='flex_cell_inner'><\/div><\/div>\n<style type=\"text\/css\" data-created_by=\"avia_inline_auto\" id=\"style-css-av-37lln-822b8fd88273aa33931718c668d19e4d\">\n.flex_cell.av-37lln-822b8fd88273aa33931718c668d19e4d{\nvertical-align:top;\nheight:15px;\nmin-height:15px;\nbackground-color:#a06567;\n}\n.responsive #top #wrap_all .flex_cell.av-37lln-822b8fd88273aa33931718c668d19e4d{\npadding:0px 0px 0px 0px !important;\n}\n<\/style>\n<div class='flex_cell av-37lln-822b8fd88273aa33931718c668d19e4d av-gridrow-cell av_one_fourth no_margin  avia-builder-el-2  el_after_av_cell_one_fourth  el_before_av_cell_one_fourth  content-align-top av-zero-padding'  ><div class='flex_cell_inner'><\/div><\/div>\n<style type=\"text\/css\" data-created_by=\"avia_inline_auto\" id=\"style-css-av-7ef4ff-7f63e1233e1a62ec5baaf3e6d2ffb1fd\">\n.flex_cell.av-7ef4ff-7f63e1233e1a62ec5baaf3e6d2ffb1fd{\nvertical-align:top;\nheight:15px;\nmin-height:15px;\nbackground-color:#ba8f8e;\n}\n.responsive #top #wrap_all .flex_cell.av-7ef4ff-7f63e1233e1a62ec5baaf3e6d2ffb1fd{\npadding:0px 0px 0px 0px !important;\n}\n<\/style>\n<div class='flex_cell av-7ef4ff-7f63e1233e1a62ec5baaf3e6d2ffb1fd av-gridrow-cell av_one_fourth no_margin  avia-builder-el-3  el_after_av_cell_one_fourth  el_before_av_cell_one_fourth  content-align-top av-zero-padding'  ><div class='flex_cell_inner'><\/div><\/div>\n<style type=\"text\/css\" data-created_by=\"avia_inline_auto\" id=\"style-css-av-6g7zfv-dadc248c66b344f956a6f61092fc2893\">\n.flex_cell.av-6g7zfv-dadc248c66b344f956a6f61092fc2893{\nvertical-align:top;\nheight:15px;\nmin-height:15px;\nbackground-color:#e6d4d5;\n}\n.responsive #top #wrap_all .flex_cell.av-6g7zfv-dadc248c66b344f956a6f61092fc2893{\npadding:0px 0px 0px 0px !important;\n}\n<\/style>\n<div class='flex_cell av-6g7zfv-dadc248c66b344f956a6f61092fc2893 av-gridrow-cell av_one_fourth no_margin  avia-builder-el-4  el_after_av_cell_one_fourth  avia-builder-el-last  content-align-top av-zero-padding'  ><div class='flex_cell_inner'><\/div><\/div>\n<\/div>\n<div id='hello'  class='av-layout-grid-container av-mi3fv0zp-eced2fe6f74a79f58092d8bebe658e9f entry-content-wrapper main_color av-flex-cells  avia-builder-el-5  el_after_av_layout_row  avia-builder-el-last  div_margins_paddings grid-row-not-first  container_wrap sidebar_right'  >\n\n<style type=\"text\/css\" data-created_by=\"avia_inline_auto\" id=\"style-css-av-43ln8b-7863c05c18fe293bec0a9059e9126726\">\n.flex_cell.av-43ln8b-7863c05c18fe293bec0a9059e9126726{\nvertical-align:top;\n}\n.responsive #top #wrap_all .flex_cell.av-43ln8b-7863c05c18fe293bec0a9059e9126726{\npadding:35px 35px 35px 35px !important;\n}\n<\/style>\n<div class='flex_cell av-43ln8b-7863c05c18fe293bec0a9059e9126726 av-gridrow-cell av_two_third no_margin  avia-builder-el-6  el_before_av_cell_one_third  avia-builder-el-first  content-align-top'  ><div class='flex_cell_inner'>\n<style type=\"text\/css\" data-created_by=\"avia_inline_auto\" id=\"style-css-av-mi3ftw78-cad011c87391e6b75e04562128da325a\">\n#top .av_textblock_section.av-mi3ftw78-cad011c87391e6b75e04562128da325a .avia_textblock{\nfont-size:20px;\n}\n<\/style>\n<section  class='av_textblock_section av-mi3ftw78-cad011c87391e6b75e04562128da325a '   itemscope=\"itemscope\" itemtype=\"https:\/\/schema.org\/CreativeWork\" ><div class='avia_textblock'  itemprop=\"text\" ><p data-path-to-node=\"0\">Parvekirina serp\u00eahatiy\u00ean min \u00ean kesane bi r\u00eaya niv\u00eesandin, s\u00eawirandin \u00fb w\u00eanesaziy\u00ea, b\u00fbye am\u00fbrek\u00ee bi rast\u00ee bibandor ji bo ba\u015fb\u00fbn\u00ea. Ew al\u00eekariya min dike ku ez travmay\u00ean ber\u00ea derman bikim, bigih\u00eejim aramiy\u00ea, \u00fb b\u00fbyer\u00ean mezin \u00ean jiyan\u00ea qeb\u00fbl bikim. Ew b\u00fbye r\u00eaw\u00eetiyeke ved\u00eetina xwe \u00fb rizgarkirina hestan. Niv\u00eesandin \u00fb w\u00eanesaz\u00ee ev\u00eenek min in, her weha \u015f\u00eawazek in ji bo \u00eefadekirina xwe \u00fb dergehek afir\u00eener in.<\/p>\n<p data-path-to-node=\"1\">Niv\u00eesandin \u00fb w\u00eanesaz\u00ee m\u00eenak\u00ean \u00eefadeya huner\u00ee ne. Ew dih\u00eale ku mirov afir\u00eeneriya xwe derbixin p\u00ea\u015f, bi peyv \u00fb rengan ceribandinan bikin, \u00fb \u00e7\u00eerokek\u00ea biafir\u00eenin ku di dil\u00ea her kes\u00ee de deng vedide.<\/p>\n<p data-path-to-node=\"2\">Di dawiy\u00ea de, mijar li ser p\u00ea\u015fve\u00e7\u00fbna kesane, \u00eelham, an xwesteka \u00e7\u00eakirina guhertinek\u00ea ye; ev derfetek e ji bo ved\u00eetina xwe, l\u00eah\u00fbrb\u00fbna li xwe, \u00fb p\u00eerozkirina serp\u00eahatiy\u00ean jiyana min. Ez dixwazim \u00e7\u00eeroka xwe bi awayek\u00ee resen bi r\u00eaya peyv \u00fb rengan parve bikim.<\/p>\n<\/div><\/section>\n<\/div><\/div>\n<style type=\"text\/css\" data-created_by=\"avia_inline_auto\" id=\"style-css-av-mi3fu2uy-5c0a556b1dfc99ab68d6992aabfc2148\">\n.flex_cell.av-mi3fu2uy-5c0a556b1dfc99ab68d6992aabfc2148{\nvertical-align:top;\n}\n.responsive #top #wrap_all .flex_cell.av-mi3fu2uy-5c0a556b1dfc99ab68d6992aabfc2148{\npadding:30px 30px 30px 30px !important;\n}\n<\/style>\n<div class='flex_cell av-mi3fu2uy-5c0a556b1dfc99ab68d6992aabfc2148 av-gridrow-cell av_one_third no_margin  avia-builder-el-8  el_after_av_cell_two_third  avia-builder-el-last  content-align-top avia-full-stretch'  ><div class='flex_cell_inner'>\n<style type=\"text\/css\" data-created_by=\"avia_inline_auto\" id=\"style-css-av-2zmte3-36c12f661db8003be29a2f5a175ddc23\">\n.avia-image-container.av-2zmte3-36c12f661db8003be29a2f5a175ddc23 img.avia_image{\nbox-shadow:none;\n}\n.avia-image-container.av-2zmte3-36c12f661db8003be29a2f5a175ddc23 .av-image-caption-overlay-center{\ncolor:#ffffff;\n}\n<\/style>\n<div  class='avia-image-container av-2zmte3-36c12f661db8003be29a2f5a175ddc23 av-styling- avia_animated_image av-animated-when-visible-95 right-to-left avia-align-center  avia-builder-el-9  avia-builder-el-no-sibling '   itemprop=\"image\" itemscope=\"itemscope\" itemtype=\"https:\/\/schema.org\/ImageObject\" ><div class=\"avia-image-container-inner\"><div class=\"avia-image-overlay-wrap\"><img decoding=\"async\" fetchpriority=\"high\" class='wp-image-4534 avia-img-lazy-loading-not-4534 avia_image ' src=\"https:\/\/nesreenbarwari.com\/wp-content\/uploads\/2025\/11\/NB-and-cat-e1762883857174.jpg\" alt='' title='NB and cat'  height=\"892\" width=\"793\"  itemprop=\"thumbnailUrl\" srcset=\"https:\/\/nesreenbarwari.com\/wp-content\/uploads\/2025\/11\/NB-and-cat-e1762883857174.jpg 793w, https:\/\/nesreenbarwari.com\/wp-content\/uploads\/2025\/11\/NB-and-cat-e1762883857174-267x300.jpg 267w, https:\/\/nesreenbarwari.com\/wp-content\/uploads\/2025\/11\/NB-and-cat-e1762883857174-768x864.jpg 768w, https:\/\/nesreenbarwari.com\/wp-content\/uploads\/2025\/11\/NB-and-cat-e1762883857174-627x705.jpg 627w\" sizes=\"(max-width: 793px) 100vw, 793px\" \/><\/div><\/div><\/div>\n<\/div><\/div>\n<\/div>\n","protected":false},"excerpt":{"rendered":"","protected":false},"author":1,"featured_media":0,"parent":0,"menu_order":0,"comment_status":"closed","ping_status":"closed","template":"","meta":{"_uag_custom_page_level_css":"","footnotes":""},"class_list":["post-4535","page","type-page","status-publish","hentry"],"_hostinger_reach_plugin_has_subscription_block":false,"_hostinger_reach_plugin_is_elementor":false,"uagb_featured_image_src":{"full":false,"thumbnail":false,"medium":false,"medium_large":false,"large":false,"1536x1536":false,"2048x2048":false,"widget":false,"square":false,"featured":false,"featured_large":false,"extra_large":false,"portfolio":false,"portfolio_small":false,"gallery":false,"magazine":false,"masonry":false,"entry_with_sidebar":false,"entry_without_sidebar":false},"uagb_author_info":{"display_name":"Dr. Nesreen Barwari","author_link":"https:\/\/nesreenbarwari.com\/krm\/author\/blndxpgmail-com\/"},"uagb_comment_info":0,"uagb_excerpt":null,"_links":{"self":[{"href":"https:\/\/nesreenbarwari.com\/krm\/wp-json\/wp\/v2\/pages\/4535","targetHints":{"allow":["GET"]}}],"collection":[{"href":"https:\/\/nesreenbarwari.com\/krm\/wp-json\/wp\/v2\/pages"}],"about":[{"href":"https:\/\/nesreenbarwari.com\/krm\/wp-json\/wp\/v2\/types\/page"}],"author":[{"embeddable":true,"href":"https:\/\/nesreenbarwari.com\/krm\/wp-json\/wp\/v2\/users\/1"}],"replies":[{"embeddable":true,"href":"https:\/\/nesreenbarwari.com\/krm\/wp-json\/wp\/v2\/comments?post=4535"}],"version-history":[{"count":3,"href":"https:\/\/nesreenbarwari.com\/krm\/wp-json\/wp\/v2\/pages\/4535\/revisions"}],"predecessor-version":[{"id":4538,"href":"https:\/\/nesreenbarwari.com\/krm\/wp-json\/wp\/v2\/pages\/4535\/revisions\/4538"}],"wp:attachment":[{"href":"https:\/\/nesreenbarwari.com\/krm\/wp-json\/wp\/v2\/media?parent=4535"}],"curies":[{"name":"wp","href":"https:\/\/api.w.org\/{rel}","templated":true}]}}