{"id":4971,"date":"2025-11-03T06:11:07","date_gmt":"2025-11-03T06:11:07","guid":{"rendered":"https:\/\/nesreenbarwari.com\/derbar\/xuwandina-bilind\/"},"modified":"2025-12-23T07:59:17","modified_gmt":"2025-12-23T07:59:17","slug":"xuwandina-bilind","status":"publish","type":"page","link":"https:\/\/nesreenbarwari.com\/krm\/derbar\/xuwandina-bilind\/","title":{"rendered":"Xuwandina Bilind"},"content":{"rendered":"<div id='av-layout-grid-1'  class='av-layout-grid-container av-ays5yz-597f799d4f282016825daa44cf4d53da entry-content-wrapper main_color av-flex-cells  avia-builder-el-0  avia-builder-el-no-sibling   container_wrap sidebar_right'  >\n<div class='flex_cell av-9vtk57-dfc8f6fbb0cc6e4c206188aead6ca05c av-gridrow-cell av_one_fourth no_margin  avia-builder-el-1  el_before_av_cell_three_fourth  avia-builder-el-first '  ><div class='flex_cell_inner'>\n<style type=\"text\/css\" data-created_by=\"avia_inline_auto\" id=\"style-css-av-mhiqpp6p-6bf9e9f2a4c04070a4e3f3f6f2c24f66\">\n#top .av_textblock_section.av-mhiqpp6p-6bf9e9f2a4c04070a4e3f3f6f2c24f66 .avia_textblock{\npadding:0 0 50px 0;\n}\n<\/style>\n<section  class='av_textblock_section av-mhiqpp6p-6bf9e9f2a4c04070a4e3f3f6f2c24f66 '   itemscope=\"itemscope\" itemtype=\"https:\/\/schema.org\/CreativeWork\" ><div class='avia_textblock'  itemprop=\"text\" ><h1><span class=\"TextRun Underlined SCXW35518085 BCX0\" lang=\"KU\" xml:lang=\"KU\" data-contrast=\"auto\"><span class=\"NormalTextRun SCXW35518085 BCX0\">Perwerdehiya<\/span> <span class=\"NormalTextRun SCXW35518085 BCX0\">Bilind<\/span><span class=\"NormalTextRun SCXW35518085 BCX0\"><br \/>\n<\/span><span class=\"NormalTextRun SCXW35518085 BCX0\">\u00fb<\/span> <span class=\"NormalTextRun SCXW35518085 BCX0\">F\u00eargeh<\/span><\/span><\/h1>\n<\/div><\/section><br \/>\n\n<style type=\"text\/css\" data-created_by=\"avia_inline_auto\" id=\"style-css-av-mhjgihuw-959510e73a1208227ace64c7d604e209\">\n.avia-image-container.av-mhjgihuw-959510e73a1208227ace64c7d604e209 img.avia_image{\nbox-shadow:none;\n}\n.avia-image-container.av-mhjgihuw-959510e73a1208227ace64c7d604e209 .av-image-caption-overlay-center{\ncolor:#ffffff;\n}\n<\/style>\n<div  class='avia-image-container av-mhjgihuw-959510e73a1208227ace64c7d604e209 av-styling- avia-align-center  avia-builder-el-3  el_after_av_textblock  avia-builder-el-last '   itemprop=\"image\" itemscope=\"itemscope\" itemtype=\"https:\/\/schema.org\/ImageObject\" ><div class=\"avia-image-container-inner\"><div class=\"avia-image-overlay-wrap\"><img decoding=\"async\" fetchpriority=\"high\" class='wp-image-4553 avia-img-lazy-loading-not-4553 avia_image ' src=\"https:\/\/nesreenbarwari.com\/wp-content\/uploads\/2025\/11\/nesreen_photo_new.jpg\" alt='' title='nesreen_photo_new'  height=\"512\" width=\"340\"  itemprop=\"thumbnailUrl\" srcset=\"https:\/\/nesreenbarwari.com\/wp-content\/uploads\/2025\/11\/nesreen_photo_new.jpg 340w, https:\/\/nesreenbarwari.com\/wp-content\/uploads\/2025\/11\/nesreen_photo_new-199x300.jpg 199w\" sizes=\"(max-width: 340px) 100vw, 340px\" \/><\/div><\/div><\/div><\/p>\n<\/div><\/div><div class='flex_cell av-7tvqiz-b9a9f0ad3a5a06f780218db3ca8697c5 av-gridrow-cell av_three_fourth no_margin  avia-builder-el-4  el_after_av_cell_one_fourth  avia-builder-el-last '  ><div class='flex_cell_inner'>\n<style type=\"text\/css\" data-created_by=\"avia_inline_auto\" id=\"style-css-av-mhiqqxz3-15a28a3c49610582aad4fafd5e24b45e\">\n#top .av_textblock_section.av-mhiqqxz3-15a28a3c49610582aad4fafd5e24b45e .avia_textblock{\nfont-size:18px;\n}\n<\/style>\n<section  class='av_textblock_section av-mhiqqxz3-15a28a3c49610582aad4fafd5e24b45e '   itemscope=\"itemscope\" itemtype=\"https:\/\/schema.org\/CreativeWork\" ><div class='avia_textblock'  itemprop=\"text\" ><ul>\n<li><strong>BSc, Endezyariya M\u00eemar\u00ee \u00fb Plankirina Bajar\u00ee<\/strong><br \/>\nZan\u00eengeha Baghdad\u00ea, Iraq (Tebax 1991)<\/li>\n<li><strong>MPA (Master li R\u00eaveberiya Gi\u015ft\u00ee), Pol\u00eet\u00eekaya Gi\u015ft\u00ee \u00fb R\u00eaveber\u00ee<\/strong><br \/>\nDibistana Hik\u00fbmet\u00ea ya Kennedy ya Zan\u00eengeha Harvard\u00ea, Dewlet\u00ean Yekb\u00fby\u00ee y\u00ean Amer\u00eekay\u00ea (T\u00eermeh 1999)<\/li>\n<li><strong>PhD, Plankirina Cih\u00eareng\u00ee (Spatial Planning)<\/strong><br \/>\nZan\u00eengeha Tekn\u00eek\u00ee ya Dortmund\u00ea, Almanya (Sibat 2015)<\/li>\n<li><strong>Bawernameya R\u00eaber\u00ee \u00fb R\u00eaveberiya Navnetewey\u00ee<\/strong><br \/>\nDibistana Qan\u00fbn \u00fb D\u00eeplomasiy\u00ea ya Fletcher, Zan\u00eengeha Tufts\u00ea, Dewlet\u00ean Yekb\u00fby\u00ee y\u00ean Amer\u00eekay\u00ea (Pay\u00eez 1998)<\/li>\n<li><strong>Bawernameya R\u00eavebir\u00ean Bilind di Huk\u00fbmet\u00ea de<\/strong><br \/>\nDibistana Hik\u00fbmet\u00ea ya Kennedy ya Zan\u00eengeha Harvard\u00ea, Dewlet\u00ean Yekb\u00fby\u00ee y\u00ean Amer\u00eekay\u00ea (T\u00eermeh 1999)<\/li>\n<li><strong>Bawernameya R\u00eaberiya C\u00eehan\u00ee \u00fb Pol\u00eet\u00eekaya Gi\u015ft\u00ee ji bo Sedsala 21an<\/strong><br \/>\nDibistana Hik\u00fbmet\u00ea ya Kennedy ya Zan\u00eengeha Harvard\u00ea, Dewlet\u00ean Yekb\u00fby\u00ee y\u00ean Amer\u00eekay\u00ea (Kan\u00fbn 2008)<\/li>\n<li><strong>Bawernameya Metodolojiya F\u00earkirin\u00ea<\/strong><br \/>\nZan\u00eengeha Nawroz\u00ea, Iraq (Bihar 2016)<\/li>\n<li><strong>Bawernameya Metodolojiy\u00ean F\u00earkirin \u00fb L\u00eakol\u00een\u00ea<\/strong><br \/>\nZan\u00eengeha Tekn\u00eek\u00ee ya Dortmund\u00ea, Almanya (Hav\u00een 2016)<\/li>\n<li><strong>Bawernameya Hi\u015fyariya Xeterey\u00ean R\u00eaw\u00eetiy\u00ea \u2013 Ewleh\u00ee \u00fb Hi\u015fyariya Xeterey\u00ean R\u00eaw\u00eetiy\u00ea \u2013 Tendurist\u00ee<\/strong><br \/>\nInternational SOS, Cenevre (Sibat 2020)<\/li>\n<li><strong>Bawernameya Zanist \u00fb F\u00earkirina Akadem\u00eek di Dem\u00ean Kr\u00eez\u00ea de<\/strong><br \/>\nZan\u00eengeha Graz \/ Zan\u00eengeha Dortmund\u00ea, Almanya (Hez\u00eeran 2020)<\/li>\n<li><strong>Bawernameya Bingeh\u00ean Teor\u00eeya Karsaziy\u00ea bi Sepandina Prakt\u00eek\u00ea re<\/strong><br \/>\nNavenda P\u00ea\u015fxistina Pispor\u00ee, Zan\u00eengeha Stanford\u00ea, Dewlet\u00ean Yekb\u00fby\u00ee y\u00ean Amer\u00eekay\u00ea (2020\u20132021)<\/li>\n<\/ul>\n<\/div><\/section>\n<\/div><\/div>\n<\/div>\n","protected":false},"excerpt":{"rendered":"","protected":false},"author":1,"featured_media":0,"parent":4603,"menu_order":0,"comment_status":"closed","ping_status":"closed","template":"","meta":{"_uag_custom_page_level_css":"","footnotes":""},"class_list":["post-4971","page","type-page","status-publish","hentry"],"_hostinger_reach_plugin_has_subscription_block":false,"_hostinger_reach_plugin_is_elementor":false,"uagb_featured_image_src":{"full":false,"thumbnail":false,"medium":false,"medium_large":false,"large":false,"1536x1536":false,"2048x2048":false,"widget":false,"square":false,"featured":false,"featured_large":false,"extra_large":false,"portfolio":false,"portfolio_small":false,"gallery":false,"magazine":false,"masonry":false,"entry_with_sidebar":false,"entry_without_sidebar":false},"uagb_author_info":{"display_name":"Dr. Nesreen Barwari","author_link":"https:\/\/nesreenbarwari.com\/krm\/author\/blndxpgmail-com\/"},"uagb_comment_info":0,"uagb_excerpt":null,"_links":{"self":[{"href":"https:\/\/nesreenbarwari.com\/krm\/wp-json\/wp\/v2\/pages\/4971","targetHints":{"allow":["GET"]}}],"collection":[{"href":"https:\/\/nesreenbarwari.com\/krm\/wp-json\/wp\/v2\/pages"}],"about":[{"href":"https:\/\/nesreenbarwari.com\/krm\/wp-json\/wp\/v2\/types\/page"}],"author":[{"embeddable":true,"href":"https:\/\/nesreenbarwari.com\/krm\/wp-json\/wp\/v2\/users\/1"}],"replies":[{"embeddable":true,"href":"https:\/\/nesreenbarwari.com\/krm\/wp-json\/wp\/v2\/comments?post=4971"}],"version-history":[{"count":3,"href":"https:\/\/nesreenbarwari.com\/krm\/wp-json\/wp\/v2\/pages\/4971\/revisions"}],"predecessor-version":[{"id":4974,"href":"https:\/\/nesreenbarwari.com\/krm\/wp-json\/wp\/v2\/pages\/4971\/revisions\/4974"}],"up":[{"embeddable":true,"href":"https:\/\/nesreenbarwari.com\/krm\/wp-json\/wp\/v2\/pages\/4603"}],"wp:attachment":[{"href":"https:\/\/nesreenbarwari.com\/krm\/wp-json\/wp\/v2\/media?parent=4971"}],"curies":[{"name":"wp","href":"https:\/\/api.w.org\/{rel}","templated":true}]}}