{"id":4975,"date":"2025-11-11T19:30:10","date_gmt":"2025-11-11T19:30:10","guid":{"rendered":"https:\/\/nesreenbarwari.com\/derbar\/xelat\/"},"modified":"2025-12-23T08:03:02","modified_gmt":"2025-12-23T08:03:02","slug":"xelat","status":"publish","type":"page","link":"https:\/\/nesreenbarwari.com\/krm\/derbar\/xelat\/","title":{"rendered":"Xelat"},"content":{"rendered":"<div id='av-layout-grid-1'  class='av-layout-grid-container av-63o5iz-bc79afec178c4b449c8f2d0b25bdb0d8 entry-content-wrapper main_color av-flex-cells  avia-builder-el-0  avia-builder-el-no-sibling   container_wrap sidebar_right'  >\n<div class='flex_cell av-4giqkr-997ea7830b12cf02bb8d0a6fef7dcd0a av-gridrow-cell av_one_fourth no_margin  avia-builder-el-1  el_before_av_cell_three_fourth  avia-builder-el-first '  ><div class='flex_cell_inner'><section  class='av_textblock_section av-mhiripuk-698033561138eb4842548a7ce6674e1e '   itemscope=\"itemscope\" itemtype=\"https:\/\/schema.org\/CreativeWork\" ><div class='avia_textblock'  itemprop=\"text\" ><h1>R\u00fbmet \u00fb Cih\u00eazan<\/h1>\n<\/div><\/section>\n<\/div><\/div><div class='flex_cell av-2qp34b-dc8b205d652952eb2de24cd437b379e0 av-gridrow-cell av_three_fourth no_margin  avia-builder-el-3  el_after_av_cell_one_fourth  avia-builder-el-last '  ><div class='flex_cell_inner'>\n<style type=\"text\/css\" data-created_by=\"avia_inline_auto\" id=\"style-css-av-mhirk0u7-66b994229a6b1d002c57cdaceb1a796d\">\n#top .av_textblock_section.av-mhirk0u7-66b994229a6b1d002c57cdaceb1a796d .avia_textblock{\nfont-size:18px;\n}\n<\/style>\n<section  class='av_textblock_section av-mhirk0u7-66b994229a6b1d002c57cdaceb1a796d '   itemscope=\"itemscope\" itemtype=\"https:\/\/schema.org\/CreativeWork\" ><div class='avia_textblock'  itemprop=\"text\" ><ul>\n<li><strong>For\u00fbma Abor\u00ee ya C\u00eehan\u00ee (WEF), Davos<\/strong><br \/>\nWek endam\u00ea For\u00fbma R\u00eaber\u00ean C\u00eehan\u00ee y\u00ean Ciwan (Young Global Leaders \u2013 YGL) hate hilbijartin (Gulan 2005)<\/li>\n<li><strong>L\u00eega Ereb\u00ee<\/strong><br \/>\nWek yek ji deh jin\u00ean berbi\u00e7av y\u00ean c\u00eehan\u00ea Ereb\u00ee hate hilbijartin (N\u00eesan 2004)<\/li>\n<li><strong>UN-Habitat \u2013 Scroll of Honor<\/strong><br \/>\nXelata ji bo \u201cgir\u00eadana taybet \u00fb berbi\u00e7av bo ba\u015fb\u00fbna jiyana kes\u00ean ko\u00e7ber \u00fb h\u00easas li Iraq\u00ea\u201d (Mijdar 2003)<\/li>\n<\/ul>\n<\/div><\/section>\n<\/div><\/div>\n<\/div>\n","protected":false},"excerpt":{"rendered":"","protected":false},"author":1,"featured_media":0,"parent":4603,"menu_order":0,"comment_status":"closed","ping_status":"closed","template":"","meta":{"_uag_custom_page_level_css":"","footnotes":""},"class_list":["post-4975","page","type-page","status-publish","hentry"],"_hostinger_reach_plugin_has_subscription_block":false,"_hostinger_reach_plugin_is_elementor":false,"uagb_featured_image_src":{"full":false,"thumbnail":false,"medium":false,"medium_large":false,"large":false,"1536x1536":false,"2048x2048":false,"widget":false,"square":false,"featured":false,"featured_large":false,"extra_large":false,"portfolio":false,"portfolio_small":false,"gallery":false,"magazine":false,"masonry":false,"entry_with_sidebar":false,"entry_without_sidebar":false},"uagb_author_info":{"display_name":"Dr. Nesreen Barwari","author_link":"https:\/\/nesreenbarwari.com\/krm\/author\/blndxpgmail-com\/"},"uagb_comment_info":0,"uagb_excerpt":null,"_links":{"self":[{"href":"https:\/\/nesreenbarwari.com\/krm\/wp-json\/wp\/v2\/pages\/4975","targetHints":{"allow":["GET"]}}],"collection":[{"href":"https:\/\/nesreenbarwari.com\/krm\/wp-json\/wp\/v2\/pages"}],"about":[{"href":"https:\/\/nesreenbarwari.com\/krm\/wp-json\/wp\/v2\/types\/page"}],"author":[{"embeddable":true,"href":"https:\/\/nesreenbarwari.com\/krm\/wp-json\/wp\/v2\/users\/1"}],"replies":[{"embeddable":true,"href":"https:\/\/nesreenbarwari.com\/krm\/wp-json\/wp\/v2\/comments?post=4975"}],"version-history":[{"count":2,"href":"https:\/\/nesreenbarwari.com\/krm\/wp-json\/wp\/v2\/pages\/4975\/revisions"}],"predecessor-version":[{"id":4977,"href":"https:\/\/nesreenbarwari.com\/krm\/wp-json\/wp\/v2\/pages\/4975\/revisions\/4977"}],"up":[{"embeddable":true,"href":"https:\/\/nesreenbarwari.com\/krm\/wp-json\/wp\/v2\/pages\/4603"}],"wp:attachment":[{"href":"https:\/\/nesreenbarwari.com\/krm\/wp-json\/wp\/v2\/media?parent=4975"}],"curies":[{"name":"wp","href":"https:\/\/api.w.org\/{rel}","templated":true}]}}