{"id":4980,"date":"2016-05-23T10:32:02","date_gmt":"2016-05-23T10:32:02","guid":{"rendered":"https:\/\/nesreenbarwari.com\/blog\/"},"modified":"2025-12-23T08:04:23","modified_gmt":"2025-12-23T08:04:23","slug":"blog","status":"publish","type":"page","link":"https:\/\/nesreenbarwari.com\/krm\/blog\/","title":{"rendered":"Blog"},"content":{"rendered":"<div id='welcome'  class='av-layout-grid-container av-av_layout_row-e953b38f40e1ea258d1cc83b3b2587fa entry-content-wrapper main_color av-fixed-cells  avia-builder-el-0  el_before_av_blog  avia-builder-el-first   container_wrap sidebar_right'  >\n\n<style type=\"text\/css\" data-created_by=\"avia_inline_auto\" id=\"style-css-av-av_cell_one_fourth-4f8fbf2777f3f69894a3778c66df7814\">\n.flex_cell.av-av_cell_one_fourth-4f8fbf2777f3f69894a3778c66df7814{\nvertical-align:top;\nheight:15px;\nmin-height:15px;\nbackground-color:#8d4448;\n}\n.responsive #top #wrap_all .flex_cell.av-av_cell_one_fourth-4f8fbf2777f3f69894a3778c66df7814{\npadding:0px 0px 0px 0px !important;\n}\n<\/style>\n<div class='flex_cell av-av_cell_one_fourth-4f8fbf2777f3f69894a3778c66df7814 av-gridrow-cell av_one_fourth no_margin  avia-builder-el-1  el_before_av_cell_one_fourth  avia-builder-el-first  content-align-top av-zero-padding'  ><div class='flex_cell_inner'><\/div><\/div>\n<style type=\"text\/css\" data-created_by=\"avia_inline_auto\" id=\"style-css-av-av_cell_one_fourth-0143d0755d31e5c3b7b5122781f0221d\">\n.flex_cell.av-av_cell_one_fourth-0143d0755d31e5c3b7b5122781f0221d{\nvertical-align:top;\nheight:15px;\nmin-height:15px;\nbackground-color:#a06567;\n}\n.responsive #top #wrap_all .flex_cell.av-av_cell_one_fourth-0143d0755d31e5c3b7b5122781f0221d{\npadding:0px 0px 0px 0px !important;\n}\n<\/style>\n<div class='flex_cell av-av_cell_one_fourth-0143d0755d31e5c3b7b5122781f0221d av-gridrow-cell av_one_fourth no_margin  avia-builder-el-2  el_after_av_cell_one_fourth  el_before_av_cell_one_fourth  content-align-top av-zero-padding'  ><div class='flex_cell_inner'><\/div><\/div>\n<style type=\"text\/css\" data-created_by=\"avia_inline_auto\" id=\"style-css-av-av_cell_one_fourth-014611645389d8d09c372f97529b9ec4\">\n.flex_cell.av-av_cell_one_fourth-014611645389d8d09c372f97529b9ec4{\nvertical-align:top;\nheight:15px;\nmin-height:15px;\nbackground-color:#ba8f8e;\n}\n.responsive #top #wrap_all .flex_cell.av-av_cell_one_fourth-014611645389d8d09c372f97529b9ec4{\npadding:0px 0px 0px 0px !important;\n}\n<\/style>\n<div class='flex_cell av-av_cell_one_fourth-014611645389d8d09c372f97529b9ec4 av-gridrow-cell av_one_fourth no_margin  avia-builder-el-3  el_after_av_cell_one_fourth  el_before_av_cell_one_fourth  content-align-top av-zero-padding'  ><div class='flex_cell_inner'><\/div><\/div>\n<style type=\"text\/css\" data-created_by=\"avia_inline_auto\" id=\"style-css-av-av_cell_one_fourth-60d0b05e1d871b8c4ea2effd4534b797\">\n.flex_cell.av-av_cell_one_fourth-60d0b05e1d871b8c4ea2effd4534b797{\nvertical-align:top;\nheight:15px;\nmin-height:15px;\nbackground-color:#e6d4d5;\n}\n.responsive #top #wrap_all .flex_cell.av-av_cell_one_fourth-60d0b05e1d871b8c4ea2effd4534b797{\npadding:0px 0px 0px 0px !important;\n}\n<\/style>\n<div class='flex_cell av-av_cell_one_fourth-60d0b05e1d871b8c4ea2effd4534b797 av-gridrow-cell av_one_fourth no_margin  avia-builder-el-4  el_after_av_cell_one_fourth  avia-builder-el-last  content-align-top av-zero-padding'  ><div class='flex_cell_inner'><\/div><\/div>\n<\/div><div id='after_grid_row_1'  class='main_color av_default_container_wrap container_wrap sidebar_right'  ><div class='container av-section-cont-open' ><div class='template-page content  av-content-small alpha units'><div class='post-entry post-entry-type-page post-entry-4980'><div class='entry-content-wrapper clearfix'>\n<div  data-slideshow-options=\"{&quot;animation&quot;:&quot;fade&quot;,&quot;autoplay&quot;:false,&quot;loop_autoplay&quot;:&quot;once&quot;,&quot;interval&quot;:5,&quot;loop_manual&quot;:&quot;manual-endless&quot;,&quot;autoplay_stopper&quot;:false,&quot;noNavigation&quot;:false,&quot;show_slide_delay&quot;:90}\" class='avia-content-slider avia-content-grid-active avia-content-slider1 avia-content-slider-odd  avia-builder-el-5  el_after_av_layout_row  avia-builder-el-no-sibling  av-slideshow-ui av-control-default   av-no-slider-navigation av-slideshow-manual av-loop-once av-loop-manual-endless '  itemscope=\"itemscope\" itemtype=\"https:\/\/schema.org\/Blog\" ><div class=\"avia-content-slider-inner\"><div class=\"slide-entry-wrap\"><article class='slide-entry flex_column  post-entry post-entry-4931 slide-entry-overview slide-loop-1 slide-parity-odd  av_one_third first real-thumbnail posttype-post post-format-standard'  itemscope=\"itemscope\" itemtype=\"https:\/\/schema.org\/CreativeWork\" ><a href='https:\/\/nesreenbarwari.com\/krm\/when-silence-teaches-loud-lessons\/' data-rel='slide-1' class='slide-image' title='D\u00eemena Siyas\u00ee ya Iraq\u00ea Pi\u015ft\u00ee Du Dehsalan Ji Guher\u00eena Rej\u00eem\u00ea'><img decoding=\"async\" fetchpriority=\"high\" width=\"495\" height=\"400\" src=\"https:\/\/nesreenbarwari.com\/wp-content\/uploads\/2025\/11\/blog2-495x400.jpeg\" class=\"wp-image-5286 avia-img-lazy-loading-not-5286 attachment-portfolio size-portfolio wp-post-image\" alt=\"\" srcset=\"https:\/\/nesreenbarwari.com\/wp-content\/uploads\/2025\/11\/blog2-495x400.jpeg 495w, https:\/\/nesreenbarwari.com\/wp-content\/uploads\/2025\/11\/blog2-845x684.jpeg 845w\" sizes=\"(max-width: 495px) 100vw, 495px\" \/><\/a><div class=\"slide-content\"><header class=\"entry-content-header\" aria-label=\"Slide: D\u00eemena Siyas\u00ee ya Iraq\u00ea Pi\u015ft\u00ee Du Dehsalan Ji Guher\u00eena Rej\u00eem\u00ea\"><span class=\"blog-categories minor-meta\"><a href=\"https:\/\/nesreenbarwari.com\/krm\/category\/blog\/\" rel=\"tag\">Blog<\/a> <\/span><h3 class='slide-entry-title entry-title '  itemprop=\"headline\" ><a href='https:\/\/nesreenbarwari.com\/krm\/when-silence-teaches-loud-lessons\/' title='D\u00eemena Siyas\u00ee ya Iraq\u00ea Pi\u015ft\u00ee Du Dehsalan Ji Guher\u00eena Rej\u00eem\u00ea'>D\u00eemena Siyas\u00ee ya Iraq\u00ea Pi\u015ft\u00ee Du Dehsalan Ji Guher\u00eena Rej\u00eem\u00ea<\/a><\/h3><span class=\"av-vertical-delimiter\"><\/span><\/header><\/div><footer class=\"entry-footer\"><\/footer><span class='hidden'>\n\t\t\t\t<span class='av-structured-data'  itemprop=\"image\" itemscope=\"itemscope\" itemtype=\"https:\/\/schema.org\/ImageObject\" >\n\t\t\t\t\t\t<span itemprop='url'>https:\/\/nesreenbarwari.com\/wp-content\/uploads\/2025\/11\/blog2.jpeg<\/span>\n\t\t\t\t\t\t<span itemprop='height'>816<\/span>\n\t\t\t\t\t\t<span itemprop='width'>1022<\/span>\n\t\t\t\t<\/span>\n\t\t\t\t<span class='av-structured-data'  itemprop=\"publisher\" itemtype=\"https:\/\/schema.org\/Organization\" itemscope=\"itemscope\" >\n\t\t\t\t\t\t<span itemprop='name'>Dr. Nesreen Barwari<\/span>\n\t\t\t\t\t\t<span itemprop='logo' itemscope itemtype='https:\/\/schema.org\/ImageObject'>\n\t\t\t\t\t\t\t<span itemprop='url'>https:\/\/nesreenbarwari.com\/wp-content\/uploads\/2025\/11\/nb-logo-photo-full-colored-font7.png<\/span>\n\t\t\t\t\t\t<\/span>\n\t\t\t\t<\/span><span class='av-structured-data'  itemprop=\"author\" itemscope=\"itemscope\" itemtype=\"https:\/\/schema.org\/Person\" ><span itemprop='name'>Dr. Nesreen Barwari<\/span><\/span><span class='av-structured-data'  itemprop=\"datePublished\" datetime=\"2016-05-23T10:32:02+00:00\" >2026-01-11 12:07:19<\/span><span class='av-structured-data'  itemprop=\"dateModified\" itemtype=\"https:\/\/schema.org\/dateModified\" >2026-01-11 12:10:48<\/span><span class='av-structured-data'  itemprop=\"mainEntityOfPage\" itemtype=\"https:\/\/schema.org\/mainEntityOfPage\" ><span itemprop='name'>D\u00eemena Siyas\u00ee ya Iraq\u00ea Pi\u015ft\u00ee Du Dehsalan Ji Guher\u00eena Rej\u00eem\u00ea<\/span><\/span><\/span><\/article><article class='slide-entry flex_column  post-entry post-entry-4928 slide-entry-overview slide-loop-2 slide-parity-even  av_one_third  real-thumbnail posttype-post post-format-standard'  itemscope=\"itemscope\" itemtype=\"https:\/\/schema.org\/CreativeWork\" ><a href='https:\/\/nesreenbarwari.com\/krm\/the-road-that-never-asked-for-permission\/' data-rel='slide-1' class='slide-image' title='P\u00eerozbahiy\u00ean sala n\u00fb'><img decoding=\"async\" fetchpriority=\"high\" width=\"495\" height=\"400\" src=\"https:\/\/nesreenbarwari.com\/wp-content\/uploads\/2025\/11\/blog1-495x400.jpeg\" class=\"wp-image-5274 avia-img-lazy-loading-not-5274 attachment-portfolio size-portfolio wp-post-image\" alt=\"\" srcset=\"https:\/\/nesreenbarwari.com\/wp-content\/uploads\/2025\/11\/blog1-495x400.jpeg 495w, https:\/\/nesreenbarwari.com\/wp-content\/uploads\/2025\/11\/blog1-845x684.jpeg 845w\" sizes=\"(max-width: 495px) 100vw, 495px\" \/><\/a><div class=\"slide-content\"><header class=\"entry-content-header\" aria-label=\"Slide: P\u00eerozbahiy\u00ean sala n\u00fb\"><span class=\"blog-categories minor-meta\"><a href=\"https:\/\/nesreenbarwari.com\/krm\/category\/blog\/\" rel=\"tag\">Blog<\/a> <\/span><h3 class='slide-entry-title entry-title '  itemprop=\"headline\" ><a href='https:\/\/nesreenbarwari.com\/krm\/the-road-that-never-asked-for-permission\/' title='P\u00eerozbahiy\u00ean sala n\u00fb'>P\u00eerozbahiy\u00ean sala n\u00fb<\/a><\/h3><span class=\"av-vertical-delimiter\"><\/span><\/header><\/div><footer class=\"entry-footer\"><\/footer><span class='hidden'>\n\t\t\t\t<span class='av-structured-data'  itemprop=\"image\" itemscope=\"itemscope\" itemtype=\"https:\/\/schema.org\/ImageObject\" >\n\t\t\t\t\t\t<span itemprop='url'>https:\/\/nesreenbarwari.com\/wp-content\/uploads\/2025\/11\/blog1.jpeg<\/span>\n\t\t\t\t\t\t<span itemprop='height'>928<\/span>\n\t\t\t\t\t\t<span itemprop='width'>1120<\/span>\n\t\t\t\t<\/span>\n\t\t\t\t<span class='av-structured-data'  itemprop=\"publisher\" itemtype=\"https:\/\/schema.org\/Organization\" itemscope=\"itemscope\" >\n\t\t\t\t\t\t<span itemprop='name'>Dr. Nesreen Barwari<\/span>\n\t\t\t\t\t\t<span itemprop='logo' itemscope itemtype='https:\/\/schema.org\/ImageObject'>\n\t\t\t\t\t\t\t<span itemprop='url'>https:\/\/nesreenbarwari.com\/wp-content\/uploads\/2025\/11\/nb-logo-photo-full-colored-font7.png<\/span>\n\t\t\t\t\t\t<\/span>\n\t\t\t\t<\/span><span class='av-structured-data'  itemprop=\"author\" itemscope=\"itemscope\" itemtype=\"https:\/\/schema.org\/Person\" ><span itemprop='name'>Dr. Nesreen Barwari<\/span><\/span><span class='av-structured-data'  itemprop=\"datePublished\" datetime=\"2016-05-23T10:32:02+00:00\" >2026-01-01 11:55:00<\/span><span class='av-structured-data'  itemprop=\"dateModified\" itemtype=\"https:\/\/schema.org\/dateModified\" >2026-01-11 12:00:53<\/span><span class='av-structured-data'  itemprop=\"mainEntityOfPage\" itemtype=\"https:\/\/schema.org\/mainEntityOfPage\" ><span itemprop='name'>P\u00eerozbahiy\u00ean sala n\u00fb<\/span><\/span><\/span><\/article><article class='slide-entry flex_column  post-entry post-entry-4934 slide-entry-overview slide-loop-3 slide-parity-odd  post-entry-last  av_one_third  real-thumbnail posttype-post post-format-standard'  itemscope=\"itemscope\" itemtype=\"https:\/\/schema.org\/CreativeWork\" ><a href='https:\/\/nesreenbarwari.com\/krm\/the-last-light-of-the-old-city\/' data-rel='slide-1' class='slide-image' title='The Last Light of the Old City'><img decoding=\"async\" fetchpriority=\"high\" width=\"495\" height=\"400\" src=\"https:\/\/nesreenbarwari.com\/wp-content\/uploads\/2025\/11\/large-vecteezy_how-to-start-a-blog_72907473_large-495x400.jpg\" class=\"wp-image-4933 avia-img-lazy-loading-not-4933 attachment-portfolio size-portfolio wp-post-image\" alt=\"\" srcset=\"https:\/\/nesreenbarwari.com\/wp-content\/uploads\/2025\/11\/large-vecteezy_how-to-start-a-blog_72907473_large-495x400.jpg 495w, https:\/\/nesreenbarwari.com\/wp-content\/uploads\/2025\/11\/large-vecteezy_how-to-start-a-blog_72907473_large-845x684.jpg 845w\" sizes=\"(max-width: 495px) 100vw, 495px\" \/><\/a><div class=\"slide-content\"><header class=\"entry-content-header\" aria-label=\"Slide: The Last Light of the Old City\"><span class=\"blog-categories minor-meta\"><a href=\"https:\/\/nesreenbarwari.com\/krm\/category\/blog\/\" rel=\"tag\">Blog<\/a> <\/span><h3 class='slide-entry-title entry-title '  itemprop=\"headline\" ><a href='https:\/\/nesreenbarwari.com\/krm\/the-last-light-of-the-old-city\/' title='The Last Light of the Old City'>The Last Light of the Old City<\/a><\/h3><span class=\"av-vertical-delimiter\"><\/span><\/header><\/div><footer class=\"entry-footer\"><\/footer><span class='hidden'>\n\t\t\t\t<span class='av-structured-data'  itemprop=\"image\" itemscope=\"itemscope\" itemtype=\"https:\/\/schema.org\/ImageObject\" >\n\t\t\t\t\t\t<span itemprop='url'>https:\/\/nesreenbarwari.com\/wp-content\/uploads\/2025\/11\/large-vecteezy_how-to-start-a-blog_72907473_large.jpg<\/span>\n\t\t\t\t\t\t<span itemprop='height'>1345<\/span>\n\t\t\t\t\t\t<span itemprop='width'>2400<\/span>\n\t\t\t\t<\/span>\n\t\t\t\t<span class='av-structured-data'  itemprop=\"publisher\" itemtype=\"https:\/\/schema.org\/Organization\" itemscope=\"itemscope\" >\n\t\t\t\t\t\t<span itemprop='name'>Dr. Nesreen Barwari<\/span>\n\t\t\t\t\t\t<span itemprop='logo' itemscope itemtype='https:\/\/schema.org\/ImageObject'>\n\t\t\t\t\t\t\t<span itemprop='url'>https:\/\/nesreenbarwari.com\/wp-content\/uploads\/2025\/11\/nb-logo-photo-full-colored-font7.png<\/span>\n\t\t\t\t\t\t<\/span>\n\t\t\t\t<\/span><span class='av-structured-data'  itemprop=\"author\" itemscope=\"itemscope\" itemtype=\"https:\/\/schema.org\/Person\" ><span itemprop='name'>Dr. Nesreen Barwari<\/span><\/span><span class='av-structured-data'  itemprop=\"datePublished\" datetime=\"2016-05-23T10:32:02+00:00\" >2025-11-17 19:59:50<\/span><span class='av-structured-data'  itemprop=\"dateModified\" itemtype=\"https:\/\/schema.org\/dateModified\" >2025-12-22 21:17:12<\/span><span class='av-structured-data'  itemprop=\"mainEntityOfPage\" itemtype=\"https:\/\/schema.org\/mainEntityOfPage\" ><span itemprop='name'>The Last Light of the Old City<\/span><\/span><\/span><\/article><\/div><\/div><\/div>\n","protected":false},"excerpt":{"rendered":"","protected":false},"author":1,"featured_media":0,"parent":0,"menu_order":0,"comment_status":"closed","ping_status":"closed","template":"","meta":{"_uag_custom_page_level_css":"","footnotes":""},"class_list":["post-4980","page","type-page","status-publish","hentry"],"_hostinger_reach_plugin_has_subscription_block":false,"_hostinger_reach_plugin_is_elementor":false,"uagb_featured_image_src":{"full":false,"thumbnail":false,"medium":false,"medium_large":false,"large":false,"1536x1536":false,"2048x2048":false,"widget":false,"square":false,"featured":false,"featured_large":false,"extra_large":false,"portfolio":false,"portfolio_small":false,"gallery":false,"magazine":false,"masonry":false,"entry_with_sidebar":false,"entry_without_sidebar":false},"uagb_author_info":{"display_name":"Dr. Nesreen Barwari","author_link":"https:\/\/nesreenbarwari.com\/krm\/author\/blndxpgmail-com\/"},"uagb_comment_info":0,"uagb_excerpt":null,"_links":{"self":[{"href":"https:\/\/nesreenbarwari.com\/krm\/wp-json\/wp\/v2\/pages\/4980","targetHints":{"allow":["GET"]}}],"collection":[{"href":"https:\/\/nesreenbarwari.com\/krm\/wp-json\/wp\/v2\/pages"}],"about":[{"href":"https:\/\/nesreenbarwari.com\/krm\/wp-json\/wp\/v2\/types\/page"}],"author":[{"embeddable":true,"href":"https:\/\/nesreenbarwari.com\/krm\/wp-json\/wp\/v2\/users\/1"}],"replies":[{"embeddable":true,"href":"https:\/\/nesreenbarwari.com\/krm\/wp-json\/wp\/v2\/comments?post=4980"}],"version-history":[{"count":1,"href":"https:\/\/nesreenbarwari.com\/krm\/wp-json\/wp\/v2\/pages\/4980\/revisions"}],"predecessor-version":[{"id":4981,"href":"https:\/\/nesreenbarwari.com\/krm\/wp-json\/wp\/v2\/pages\/4980\/revisions\/4981"}],"wp:attachment":[{"href":"https:\/\/nesreenbarwari.com\/krm\/wp-json\/wp\/v2\/media?parent=4980"}],"curies":[{"name":"wp","href":"https:\/\/api.w.org\/{rel}","templated":true}]}}