{"id":4984,"date":"2025-11-01T08:08:58","date_gmt":"2025-11-01T08:08:58","guid":{"rendered":"https:\/\/nesreenbarwari.com\/lekolin\/"},"modified":"2025-12-23T08:08:27","modified_gmt":"2025-12-23T08:08:27","slug":"lekolin","status":"publish","type":"page","link":"https:\/\/nesreenbarwari.com\/krm\/wesan\/lekolin\/","title":{"rendered":"L\u00eakol\u00een"},"content":{"rendered":"<div id='welcome'  class='av-layout-grid-container av-8p325o-b37004130bb2522a372ed5d343e05f58 entry-content-wrapper main_color av-fixed-cells  avia-builder-el-0  el_before_av_blog  avia-builder-el-first   container_wrap sidebar_right'  >\n\n<style type=\"text\/css\" data-created_by=\"avia_inline_auto\" id=\"style-css-av-7pawp8-ebde7625c1a84e4e3023dbe0ba803717\">\n.flex_cell.av-7pawp8-ebde7625c1a84e4e3023dbe0ba803717{\nvertical-align:top;\nheight:15px;\nmin-height:15px;\nbackground-color:#8d4448;\n}\n.responsive #top #wrap_all .flex_cell.av-7pawp8-ebde7625c1a84e4e3023dbe0ba803717{\npadding:0px 0px 0px 0px !important;\n}\n<\/style>\n<div class='flex_cell av-7pawp8-ebde7625c1a84e4e3023dbe0ba803717 av-gridrow-cell av_one_fourth no_margin  avia-builder-el-1  el_before_av_cell_one_fourth  avia-builder-el-first  content-align-top av-zero-padding'  ><div class='flex_cell_inner'><\/div><\/div>\n<style type=\"text\/css\" data-created_by=\"avia_inline_auto\" id=\"style-css-av-5khry4-f0e539dc515faf398cbbf905dd7f852c\">\n.flex_cell.av-5khry4-f0e539dc515faf398cbbf905dd7f852c{\nvertical-align:top;\nheight:15px;\nmin-height:15px;\nbackground-color:#a06567;\n}\n.responsive #top #wrap_all .flex_cell.av-5khry4-f0e539dc515faf398cbbf905dd7f852c{\npadding:0px 0px 0px 0px !important;\n}\n<\/style>\n<div class='flex_cell av-5khry4-f0e539dc515faf398cbbf905dd7f852c av-gridrow-cell av_one_fourth no_margin  avia-builder-el-2  el_after_av_cell_one_fourth  el_before_av_cell_one_fourth  content-align-top av-zero-padding'  ><div class='flex_cell_inner'><\/div><\/div>\n<style type=\"text\/css\" data-created_by=\"avia_inline_auto\" id=\"style-css-av-48u8os-1510d99cb8f7c61244aa6ab5bbfd5312\">\n.flex_cell.av-48u8os-1510d99cb8f7c61244aa6ab5bbfd5312{\nvertical-align:top;\nheight:15px;\nmin-height:15px;\nbackground-color:#ba8f8e;\n}\n.responsive #top #wrap_all .flex_cell.av-48u8os-1510d99cb8f7c61244aa6ab5bbfd5312{\npadding:0px 0px 0px 0px !important;\n}\n<\/style>\n<div class='flex_cell av-48u8os-1510d99cb8f7c61244aa6ab5bbfd5312 av-gridrow-cell av_one_fourth no_margin  avia-builder-el-3  el_after_av_cell_one_fourth  el_before_av_cell_one_fourth  content-align-top av-zero-padding'  ><div class='flex_cell_inner'><\/div><\/div>\n<style type=\"text\/css\" data-created_by=\"avia_inline_auto\" id=\"style-css-av-2redfg-8b1e3ed7cacd018536df5c4c719adc8b\">\n.flex_cell.av-2redfg-8b1e3ed7cacd018536df5c4c719adc8b{\nvertical-align:top;\nheight:15px;\nmin-height:15px;\nbackground-color:#e6d4d5;\n}\n.responsive #top #wrap_all .flex_cell.av-2redfg-8b1e3ed7cacd018536df5c4c719adc8b{\npadding:0px 0px 0px 0px !important;\n}\n<\/style>\n<div class='flex_cell av-2redfg-8b1e3ed7cacd018536df5c4c719adc8b av-gridrow-cell av_one_fourth no_margin  avia-builder-el-4  el_after_av_cell_one_fourth  avia-builder-el-last  content-align-top av-zero-padding'  ><div class='flex_cell_inner'><\/div><\/div>\n<\/div><div id='after_grid_row_1'  class='main_color av_default_container_wrap container_wrap sidebar_right'  ><div class='container av-section-cont-open' ><div class='template-page content  av-content-small alpha units'><div class='post-entry post-entry-type-page post-entry-4984'><div class='entry-content-wrapper clearfix'>\n<div  data-slideshow-options=\"{&quot;animation&quot;:&quot;fade&quot;,&quot;autoplay&quot;:false,&quot;loop_autoplay&quot;:&quot;once&quot;,&quot;interval&quot;:5,&quot;loop_manual&quot;:&quot;manual-endless&quot;,&quot;autoplay_stopper&quot;:false,&quot;noNavigation&quot;:false,&quot;show_slide_delay&quot;:90}\" class='avia-content-slider avia-content-grid-active avia-content-slider1 avia-content-slider-odd  avia-builder-el-5  el_after_av_layout_row  el_before_av_layout_row  avia-builder-el-no-sibling  av-slideshow-ui av-control-default   av-no-slider-navigation av-slideshow-manual av-loop-once av-loop-manual-endless '  itemscope=\"itemscope\" itemtype=\"https:\/\/schema.org\/Blog\" ><div class=\"avia-content-slider-inner\"><div class=\"slide-entry-wrap\"><article class='slide-entry flex_column  post-entry post-entry-4937 slide-entry-overview slide-loop-1 slide-parity-odd  av_one_third first real-thumbnail posttype-post post-format-standard'  itemscope=\"itemscope\" itemtype=\"https:\/\/schema.org\/CreativeWork\" ><a href='https:\/\/nesreenbarwari.com\/krm\/avakirina-ewlekariya-gistgir-serederikirina-bi-metirsiyen-ewlekariye-yen-jinen-astixwaz-bi-riya-hevbesiyan\/' data-rel='slide-1' class='slide-image' title='Avakirina Ewlekariya Gi\u015ftgir: Sereder\u00eekirina bi Metirsiy\u00ean Ewlekariy\u00ea y\u00ean Jin\u00ean A\u015ft\u00eexwaz bi Riya Hevbe\u015fiyan'><img decoding=\"async\" fetchpriority=\"high\" width=\"495\" height=\"400\" src=\"https:\/\/nesreenbarwari.com\/wp-content\/uploads\/2025\/11\/14532778973_0466342531_o-1-495x400.jpg\" class=\"wp-image-4936 avia-img-lazy-loading-not-4936 attachment-portfolio size-portfolio wp-post-image\" alt=\"\" srcset=\"https:\/\/nesreenbarwari.com\/wp-content\/uploads\/2025\/11\/14532778973_0466342531_o-1-495x400.jpg 495w, https:\/\/nesreenbarwari.com\/wp-content\/uploads\/2025\/11\/14532778973_0466342531_o-1-845x684.jpg 845w\" sizes=\"(max-width: 495px) 100vw, 495px\" \/><\/a><div class=\"slide-content\"><header class=\"entry-content-header\" aria-label=\"Slide: Avakirina Ewlekariya Gi\u015ftgir: Sereder\u00eekirina bi Metirsiy\u00ean Ewlekariy\u00ea y\u00ean Jin\u00ean A\u015ft\u00eexwaz bi Riya Hevbe\u015fiyan\"><span class=\"blog-categories minor-meta\"><a href=\"https:\/\/nesreenbarwari.com\/krm\/category\/lekolin\/\" rel=\"tag\">L\u00eakol\u00een<\/a> <\/span><h3 class='slide-entry-title entry-title '  itemprop=\"headline\" ><a href='https:\/\/nesreenbarwari.com\/krm\/avakirina-ewlekariya-gistgir-serederikirina-bi-metirsiyen-ewlekariye-yen-jinen-astixwaz-bi-riya-hevbesiyan\/' title='Avakirina Ewlekariya Gi\u015ftgir: Sereder\u00eekirina bi Metirsiy\u00ean Ewlekariy\u00ea y\u00ean Jin\u00ean A\u015ft\u00eexwaz bi Riya Hevbe\u015fiyan'>Avakirina Ewlekariya Gi\u015ftgir: Sereder\u00eekirina bi Metirsiy\u00ean Ewlekariy\u00ea y\u00ean Jin\u00ean A\u015ft\u00eexwaz bi Riya Hevbe\u015fiyan<\/a><\/h3><span class=\"av-vertical-delimiter\"><\/span><\/header><\/div><footer class=\"entry-footer\"><\/footer><span class='hidden'>\n\t\t\t\t<span class='av-structured-data'  itemprop=\"image\" itemscope=\"itemscope\" itemtype=\"https:\/\/schema.org\/ImageObject\" >\n\t\t\t\t\t\t<span itemprop='url'>https:\/\/nesreenbarwari.com\/wp-content\/uploads\/2025\/11\/14532778973_0466342531_o-1.jpg<\/span>\n\t\t\t\t\t\t<span itemprop='height'>1200<\/span>\n\t\t\t\t\t\t<span itemprop='width'>1800<\/span>\n\t\t\t\t<\/span>\n\t\t\t\t<span class='av-structured-data'  itemprop=\"publisher\" itemtype=\"https:\/\/schema.org\/Organization\" itemscope=\"itemscope\" >\n\t\t\t\t\t\t<span itemprop='name'>Dr. Nesreen Barwari<\/span>\n\t\t\t\t\t\t<span itemprop='logo' itemscope itemtype='https:\/\/schema.org\/ImageObject'>\n\t\t\t\t\t\t\t<span itemprop='url'>https:\/\/nesreenbarwari.com\/wp-content\/uploads\/2025\/11\/nb-logo-photo-full-colored-font7.png<\/span>\n\t\t\t\t\t\t<\/span>\n\t\t\t\t<\/span><span class='av-structured-data'  itemprop=\"author\" itemscope=\"itemscope\" itemtype=\"https:\/\/schema.org\/Person\" ><span itemprop='name'>Dr. Nesreen Barwari<\/span><\/span><span class='av-structured-data'  itemprop=\"datePublished\" datetime=\"2025-11-01T08:08:58+00:00\" >2025-11-15 10:39:44<\/span><span class='av-structured-data'  itemprop=\"dateModified\" itemtype=\"https:\/\/schema.org\/dateModified\" >2025-12-22 21:19:14<\/span><span class='av-structured-data'  itemprop=\"mainEntityOfPage\" itemtype=\"https:\/\/schema.org\/mainEntityOfPage\" ><span itemprop='name'>Avakirina Ewlekariya Gi\u015ftgir: Sereder\u00eekirina bi Metirsiy\u00ean Ewlekariy\u00ea y\u00ean Jin\u00ean A\u015ft\u00eexwaz bi Riya Hevbe\u015fiyan<\/span><\/span><\/span><\/article><article class='slide-entry flex_column  post-entry post-entry-4940 slide-entry-overview slide-loop-2 slide-parity-even  av_one_third  real-thumbnail posttype-post post-format-standard'  itemscope=\"itemscope\" itemtype=\"https:\/\/schema.org\/CreativeWork\" ><a href='https:\/\/nesreenbarwari.com\/krm\/ber-bi-stratejiyeke-berdewam-a-av-u-paqijiye-ji-bo-parezgeha-duhoke\/' data-rel='slide-1' class='slide-image' title='Ber bi Stratejiyeke Berdewam a Av \u00fb Paqijiy\u00ea ji bo Par\u00eazgeha Duhok\u00ea'><img decoding=\"async\" fetchpriority=\"high\" width=\"495\" height=\"400\" src=\"https:\/\/nesreenbarwari.com\/wp-content\/uploads\/2025\/11\/water-project-495x400.jpeg\" class=\"wp-image-4939 avia-img-lazy-loading-not-4939 attachment-portfolio size-portfolio wp-post-image\" alt=\"\" srcset=\"https:\/\/nesreenbarwari.com\/wp-content\/uploads\/2025\/11\/water-project-495x400.jpeg 495w, https:\/\/nesreenbarwari.com\/wp-content\/uploads\/2025\/11\/water-project-845x684.jpeg 845w\" sizes=\"(max-width: 495px) 100vw, 495px\" \/><\/a><div class=\"slide-content\"><header class=\"entry-content-header\" aria-label=\"Slide: Ber bi Stratejiyeke Berdewam a Av \u00fb Paqijiy\u00ea ji bo Par\u00eazgeha Duhok\u00ea\"><span class=\"blog-categories minor-meta\"><a href=\"https:\/\/nesreenbarwari.com\/krm\/category\/lekolin\/\" rel=\"tag\">L\u00eakol\u00een<\/a> <\/span><h3 class='slide-entry-title entry-title '  itemprop=\"headline\" ><a href='https:\/\/nesreenbarwari.com\/krm\/ber-bi-stratejiyeke-berdewam-a-av-u-paqijiye-ji-bo-parezgeha-duhoke\/' title='Ber bi Stratejiyeke Berdewam a Av \u00fb Paqijiy\u00ea ji bo Par\u00eazgeha Duhok\u00ea'>Ber bi Stratejiyeke Berdewam a Av \u00fb Paqijiy\u00ea ji bo Par\u00eazgeha Duhok\u00ea<\/a><\/h3><span class=\"av-vertical-delimiter\"><\/span><\/header><\/div><footer class=\"entry-footer\"><\/footer><span class='hidden'>\n\t\t\t\t<span class='av-structured-data'  itemprop=\"image\" itemscope=\"itemscope\" itemtype=\"https:\/\/schema.org\/ImageObject\" >\n\t\t\t\t\t\t<span itemprop='url'>https:\/\/nesreenbarwari.com\/wp-content\/uploads\/2025\/11\/water-project.jpeg<\/span>\n\t\t\t\t\t\t<span itemprop='height'>810<\/span>\n\t\t\t\t\t\t<span itemprop='width'>1440<\/span>\n\t\t\t\t<\/span>\n\t\t\t\t<span class='av-structured-data'  itemprop=\"publisher\" itemtype=\"https:\/\/schema.org\/Organization\" itemscope=\"itemscope\" >\n\t\t\t\t\t\t<span itemprop='name'>Dr. Nesreen Barwari<\/span>\n\t\t\t\t\t\t<span itemprop='logo' itemscope itemtype='https:\/\/schema.org\/ImageObject'>\n\t\t\t\t\t\t\t<span itemprop='url'>https:\/\/nesreenbarwari.com\/wp-content\/uploads\/2025\/11\/nb-logo-photo-full-colored-font7.png<\/span>\n\t\t\t\t\t\t<\/span>\n\t\t\t\t<\/span><span class='av-structured-data'  itemprop=\"author\" itemscope=\"itemscope\" itemtype=\"https:\/\/schema.org\/Person\" ><span itemprop='name'>Dr. Nesreen Barwari<\/span><\/span><span class='av-structured-data'  itemprop=\"datePublished\" datetime=\"2025-11-01T08:08:58+00:00\" >2025-11-02 17:45:23<\/span><span class='av-structured-data'  itemprop=\"dateModified\" itemtype=\"https:\/\/schema.org\/dateModified\" >2025-12-22 21:22:03<\/span><span class='av-structured-data'  itemprop=\"mainEntityOfPage\" itemtype=\"https:\/\/schema.org\/mainEntityOfPage\" ><span itemprop='name'>Ber bi Stratejiyeke Berdewam a Av \u00fb Paqijiy\u00ea ji bo Par\u00eazgeha Duhok\u00ea<\/span><\/span><\/span><\/article><article class='slide-entry flex_column  post-entry post-entry-4943 slide-entry-overview slide-loop-3 slide-parity-odd  av_one_third  real-thumbnail posttype-post post-format-standard'  itemscope=\"itemscope\" itemtype=\"https:\/\/schema.org\/CreativeWork\" ><a href='https:\/\/nesreenbarwari.com\/krm\/aboriya-nefermi-u-ser-duhok-herema-kurdistana-iraqe-weki-lekolina-doze\/' data-rel='slide-1' class='slide-image' title='Aboriya Neferm\u00ee \u00fb \u015eer: Duhok \u2013 Her\u00eama Kurdistana Iraq\u00ea wek\u00ee l\u00eakol\u00eena doz\u00ea'><img decoding=\"async\" fetchpriority=\"high\" width=\"495\" height=\"400\" src=\"https:\/\/nesreenbarwari.com\/wp-content\/uploads\/2025\/11\/the_informal_economy_conflict_dohuk-495x400.jpeg\" class=\"wp-image-4942 avia-img-lazy-loading-not-4942 attachment-portfolio size-portfolio wp-post-image\" alt=\"\" srcset=\"https:\/\/nesreenbarwari.com\/wp-content\/uploads\/2025\/11\/the_informal_economy_conflict_dohuk-495x400.jpeg 495w, https:\/\/nesreenbarwari.com\/wp-content\/uploads\/2025\/11\/the_informal_economy_conflict_dohuk-845x684.jpeg 845w\" sizes=\"(max-width: 495px) 100vw, 495px\" \/><\/a><div class=\"slide-content\"><header class=\"entry-content-header\" aria-label=\"Slide: Aboriya Neferm\u00ee \u00fb \u015eer: Duhok \u2013 Her\u00eama Kurdistana Iraq\u00ea wek\u00ee l\u00eakol\u00eena doz\u00ea\"><span class=\"blog-categories minor-meta\"><a href=\"https:\/\/nesreenbarwari.com\/krm\/category\/lekolin\/\" rel=\"tag\">L\u00eakol\u00een<\/a> <\/span><h3 class='slide-entry-title entry-title '  itemprop=\"headline\" ><a href='https:\/\/nesreenbarwari.com\/krm\/aboriya-nefermi-u-ser-duhok-herema-kurdistana-iraqe-weki-lekolina-doze\/' title='Aboriya Neferm\u00ee \u00fb \u015eer: Duhok \u2013 Her\u00eama Kurdistana Iraq\u00ea wek\u00ee l\u00eakol\u00eena doz\u00ea'>Aboriya Neferm\u00ee \u00fb \u015eer: Duhok \u2013 Her\u00eama Kurdistana Iraq\u00ea wek\u00ee l\u00eakol\u00eena doz\u00ea<\/a><\/h3><span class=\"av-vertical-delimiter\"><\/span><\/header><\/div><footer class=\"entry-footer\"><\/footer><span class='hidden'>\n\t\t\t\t<span class='av-structured-data'  itemprop=\"image\" itemscope=\"itemscope\" itemtype=\"https:\/\/schema.org\/ImageObject\" >\n\t\t\t\t\t\t<span itemprop='url'>https:\/\/nesreenbarwari.com\/wp-content\/uploads\/2025\/11\/the_informal_economy_conflict_dohuk.jpeg<\/span>\n\t\t\t\t\t\t<span itemprop='height'>810<\/span>\n\t\t\t\t\t\t<span itemprop='width'>1440<\/span>\n\t\t\t\t<\/span>\n\t\t\t\t<span class='av-structured-data'  itemprop=\"publisher\" itemtype=\"https:\/\/schema.org\/Organization\" itemscope=\"itemscope\" >\n\t\t\t\t\t\t<span itemprop='name'>Dr. Nesreen Barwari<\/span>\n\t\t\t\t\t\t<span itemprop='logo' itemscope itemtype='https:\/\/schema.org\/ImageObject'>\n\t\t\t\t\t\t\t<span itemprop='url'>https:\/\/nesreenbarwari.com\/wp-content\/uploads\/2025\/11\/nb-logo-photo-full-colored-font7.png<\/span>\n\t\t\t\t\t\t<\/span>\n\t\t\t\t<\/span><span class='av-structured-data'  itemprop=\"author\" itemscope=\"itemscope\" itemtype=\"https:\/\/schema.org\/Person\" ><span itemprop='name'>Dr. Nesreen Barwari<\/span><\/span><span class='av-structured-data'  itemprop=\"datePublished\" datetime=\"2025-11-01T08:08:58+00:00\" >2025-11-02 06:32:08<\/span><span class='av-structured-data'  itemprop=\"dateModified\" itemtype=\"https:\/\/schema.org\/dateModified\" >2025-12-22 21:23:15<\/span><span class='av-structured-data'  itemprop=\"mainEntityOfPage\" itemtype=\"https:\/\/schema.org\/mainEntityOfPage\" ><span itemprop='name'>Aboriya Neferm\u00ee \u00fb \u015eer: Duhok \u2013 Her\u00eama Kurdistana Iraq\u00ea wek\u00ee l\u00eakol\u00eena doz\u00ea<\/span><\/span><\/span><\/article><\/div><div class=\"slide-entry-wrap\"><article class='slide-entry flex_column  post-entry post-entry-4868 slide-entry-overview slide-loop-4 slide-parity-odd  post-entry-last  av_one_third first real-thumbnail posttype-post post-format-standard'  itemscope=\"itemscope\" itemtype=\"https:\/\/schema.org\/CreativeWork\" ><a href='https:\/\/nesreenbarwari.com\/krm\/careseriyen-sanitasyona-nenavendi-ji-bo-kampen-demki-yen-kesen-ji-malen-xwe-buyi-idps-u-penaberan-u-kompleksen-nistecibune-li-parezgeha-duhoke-nimuneya-lekoline\/' data-rel='slide-1' class='slide-image' title='\u00c7areseriy\u00ean san\u00eetasyona nenavend\u00ee ji bo kamp\u00ean demk\u00ee y\u00ean Kes\u00ean Ji Mal\u00ean Xwe B\u00fby\u00ee (IDPs) \u00fb penaberan \u00fb kompleks\u00ean ni\u015ftec\u00eeb\u00fbn\u00ea li par\u00eazgeha Duhok\u00ea \u2013 Nim\u00fbneya l\u00eakol\u00een\u00ea'><img decoding=\"async\" fetchpriority=\"high\" width=\"495\" height=\"400\" src=\"https:\/\/nesreenbarwari.com\/wp-content\/uploads\/2025\/11\/decentralized_sanitation_solutions_for_temporal_internally_displacedpeople-495x400.jpeg\" class=\"wp-image-4867 avia-img-lazy-loading-not-4867 attachment-portfolio size-portfolio wp-post-image\" alt=\"\" srcset=\"https:\/\/nesreenbarwari.com\/wp-content\/uploads\/2025\/11\/decentralized_sanitation_solutions_for_temporal_internally_displacedpeople-495x400.jpeg 495w, https:\/\/nesreenbarwari.com\/wp-content\/uploads\/2025\/11\/decentralized_sanitation_solutions_for_temporal_internally_displacedpeople-845x684.jpeg 845w\" sizes=\"(max-width: 495px) 100vw, 495px\" \/><\/a><div class=\"slide-content\"><header class=\"entry-content-header\" aria-label=\"Slide: \u00c7areseriy\u00ean san\u00eetasyona nenavend\u00ee ji bo kamp\u00ean demk\u00ee y\u00ean Kes\u00ean Ji Mal\u00ean Xwe B\u00fby\u00ee (IDPs) \u00fb penaberan \u00fb kompleks\u00ean ni\u015ftec\u00eeb\u00fbn\u00ea li par\u00eazgeha Duhok\u00ea \u2013 Nim\u00fbneya l\u00eakol\u00een\u00ea\"><span class=\"blog-categories minor-meta\"><a href=\"https:\/\/nesreenbarwari.com\/krm\/category\/lekolin\/\" rel=\"tag\">L\u00eakol\u00een<\/a> <\/span><h3 class='slide-entry-title entry-title '  itemprop=\"headline\" ><a href='https:\/\/nesreenbarwari.com\/krm\/careseriyen-sanitasyona-nenavendi-ji-bo-kampen-demki-yen-kesen-ji-malen-xwe-buyi-idps-u-penaberan-u-kompleksen-nistecibune-li-parezgeha-duhoke-nimuneya-lekoline\/' title='\u00c7areseriy\u00ean san\u00eetasyona nenavend\u00ee ji bo kamp\u00ean demk\u00ee y\u00ean Kes\u00ean Ji Mal\u00ean Xwe B\u00fby\u00ee (IDPs) \u00fb penaberan \u00fb kompleks\u00ean ni\u015ftec\u00eeb\u00fbn\u00ea li par\u00eazgeha Duhok\u00ea \u2013 Nim\u00fbneya l\u00eakol\u00een\u00ea'>\u00c7areseriy\u00ean san\u00eetasyona nenavend\u00ee ji bo kamp\u00ean demk\u00ee y\u00ean Kes\u00ean Ji Mal\u00ean Xwe B\u00fby\u00ee (IDPs) \u00fb penaberan \u00fb kompleks\u00ean ni\u015ftec\u00eeb\u00fbn\u00ea li par\u00eazgeha Duhok\u00ea \u2013 Nim\u00fbneya l\u00eakol\u00een\u00ea<\/a><\/h3><span class=\"av-vertical-delimiter\"><\/span><\/header><\/div><footer class=\"entry-footer\"><\/footer><span class='hidden'>\n\t\t\t\t<span class='av-structured-data'  itemprop=\"image\" itemscope=\"itemscope\" itemtype=\"https:\/\/schema.org\/ImageObject\" >\n\t\t\t\t\t\t<span itemprop='url'>https:\/\/nesreenbarwari.com\/wp-content\/uploads\/2025\/11\/decentralized_sanitation_solutions_for_temporal_internally_displacedpeople.jpeg<\/span>\n\t\t\t\t\t\t<span itemprop='height'>810<\/span>\n\t\t\t\t\t\t<span itemprop='width'>1440<\/span>\n\t\t\t\t<\/span>\n\t\t\t\t<span class='av-structured-data'  itemprop=\"publisher\" itemtype=\"https:\/\/schema.org\/Organization\" itemscope=\"itemscope\" >\n\t\t\t\t\t\t<span itemprop='name'>Dr. Nesreen Barwari<\/span>\n\t\t\t\t\t\t<span itemprop='logo' itemscope itemtype='https:\/\/schema.org\/ImageObject'>\n\t\t\t\t\t\t\t<span itemprop='url'>https:\/\/nesreenbarwari.com\/wp-content\/uploads\/2025\/11\/nb-logo-photo-full-colored-font7.png<\/span>\n\t\t\t\t\t\t<\/span>\n\t\t\t\t<\/span><span class='av-structured-data'  itemprop=\"author\" itemscope=\"itemscope\" itemtype=\"https:\/\/schema.org\/Person\" ><span itemprop='name'>Dr. Nesreen Barwari<\/span><\/span><span class='av-structured-data'  itemprop=\"datePublished\" datetime=\"2025-11-01T08:08:58+00:00\" >2025-11-01 07:35:02<\/span><span class='av-structured-data'  itemprop=\"dateModified\" itemtype=\"https:\/\/schema.org\/dateModified\" >2025-12-22 20:42:22<\/span><span class='av-structured-data'  itemprop=\"mainEntityOfPage\" itemtype=\"https:\/\/schema.org\/mainEntityOfPage\" ><span itemprop='name'>\u00c7areseriy\u00ean san\u00eetasyona nenavend\u00ee ji bo kamp\u00ean demk\u00ee y\u00ean Kes\u00ean Ji Mal\u00ean Xwe B\u00fby\u00ee (IDPs) \u00fb penaberan \u00fb kompleks\u00ean ni\u015ftec\u00eeb\u00fbn\u00ea li par\u00eazgeha Duhok\u00ea \u2013 Nim\u00fbneya l\u00eakol\u00een\u00ea<\/span><\/span><\/span><\/article><\/div><\/div><\/div>\n<\/div><\/div><\/div><!-- close content main div --><\/div><\/div><div id='welcome'  class='av-layout-grid-container av-vfqq4-4fd44d181d8cab74d2354d3fcad3711d entry-content-wrapper main_color av-fixed-cells  avia-builder-el-6  el_after_av_blog  avia-builder-el-last  grid-row-not-first  container_wrap sidebar_right'  >\n\n<style type=\"text\/css\" data-created_by=\"avia_inline_auto\" id=\"style-css-av-7twsx8-67cdf4b594468d184aa5b081b28250ca\">\n.flex_cell.av-7twsx8-67cdf4b594468d184aa5b081b28250ca{\nvertical-align:top;\nheight:15px;\nmin-height:15px;\nbackground-color:#8d4448;\n}\n.responsive #top #wrap_all .flex_cell.av-7twsx8-67cdf4b594468d184aa5b081b28250ca{\npadding:0px 0px 0px 0px !important;\n}\n<\/style>\n<div class='flex_cell av-7twsx8-67cdf4b594468d184aa5b081b28250ca av-gridrow-cell av_one_fourth no_margin  avia-builder-el-7  el_before_av_cell_one_fourth  avia-builder-el-first  content-align-top av-zero-padding'  ><div class='flex_cell_inner'><\/div><\/div>\n<style type=\"text\/css\" data-created_by=\"avia_inline_auto\" id=\"style-css-av-6ik76k-ebce4e502b1fded175c6c919b721e447\">\n.flex_cell.av-6ik76k-ebce4e502b1fded175c6c919b721e447{\nvertical-align:top;\nheight:15px;\nmin-height:15px;\nbackground-color:#a06567;\n}\n.responsive #top #wrap_all .flex_cell.av-6ik76k-ebce4e502b1fded175c6c919b721e447{\npadding:0px 0px 0px 0px !important;\n}\n<\/style>\n<div class='flex_cell av-6ik76k-ebce4e502b1fded175c6c919b721e447 av-gridrow-cell av_one_fourth no_margin  avia-builder-el-8  el_after_av_cell_one_fourth  el_before_av_cell_one_fourth  content-align-top av-zero-padding'  ><div class='flex_cell_inner'><\/div><\/div>\n<style type=\"text\/css\" data-created_by=\"avia_inline_auto\" id=\"style-css-av-4ei2ng-3362de224ba54e0837142d9764227cb3\">\n.flex_cell.av-4ei2ng-3362de224ba54e0837142d9764227cb3{\nvertical-align:top;\nheight:15px;\nmin-height:15px;\nbackground-color:#ba8f8e;\n}\n.responsive #top #wrap_all .flex_cell.av-4ei2ng-3362de224ba54e0837142d9764227cb3{\npadding:0px 0px 0px 0px !important;\n}\n<\/style>\n<div class='flex_cell av-4ei2ng-3362de224ba54e0837142d9764227cb3 av-gridrow-cell av_one_fourth no_margin  avia-builder-el-9  el_after_av_cell_one_fourth  el_before_av_cell_one_fourth  content-align-top av-zero-padding'  ><div class='flex_cell_inner'><\/div><\/div>\n<style type=\"text\/css\" data-created_by=\"avia_inline_auto\" id=\"style-css-av-369s4c-ca83c630965a388f6219035815210ccb\">\n.flex_cell.av-369s4c-ca83c630965a388f6219035815210ccb{\nvertical-align:top;\nheight:15px;\nmin-height:15px;\nbackground-color:#e6d4d5;\n}\n.responsive #top #wrap_all .flex_cell.av-369s4c-ca83c630965a388f6219035815210ccb{\npadding:0px 0px 0px 0px !important;\n}\n<\/style>\n<div class='flex_cell av-369s4c-ca83c630965a388f6219035815210ccb av-gridrow-cell av_one_fourth no_margin  avia-builder-el-10  el_after_av_cell_one_fourth  avia-builder-el-last  content-align-top av-zero-padding'  ><div class='flex_cell_inner'><\/div><\/div>\n<\/div>\n","protected":false},"excerpt":{"rendered":"","protected":false},"author":1,"featured_media":4576,"parent":4994,"menu_order":0,"comment_status":"closed","ping_status":"closed","template":"","meta":{"_uag_custom_page_level_css":"","footnotes":""},"class_list":["post-4984","page","type-page","status-publish","has-post-thumbnail","hentry"],"_hostinger_reach_plugin_has_subscription_block":false,"_hostinger_reach_plugin_is_elementor":false,"uagb_featured_image_src":{"full":["https:\/\/nesreenbarwari.com\/wp-content\/uploads\/2025\/11\/research2-scaled.jpg",2560,1641,false],"thumbnail":["https:\/\/nesreenbarwari.com\/wp-content\/uploads\/2025\/11\/research2-80x80.jpg",80,80,true],"medium":["https:\/\/nesreenbarwari.com\/wp-content\/uploads\/2025\/11\/research2-300x192.jpg",300,192,true],"medium_large":["https:\/\/nesreenbarwari.com\/wp-content\/uploads\/2025\/11\/research2-768x492.jpg",768,492,true],"large":["https:\/\/nesreenbarwari.com\/wp-content\/uploads\/2025\/11\/research2-1030x660.jpg",1030,660,true],"1536x1536":["https:\/\/nesreenbarwari.com\/wp-content\/uploads\/2025\/11\/research2-1536x985.jpg",1536,985,true],"2048x2048":["https:\/\/nesreenbarwari.com\/wp-content\/uploads\/2025\/11\/research2-2048x1313.jpg",2048,1313,true],"widget":["https:\/\/nesreenbarwari.com\/wp-content\/uploads\/2025\/11\/research2-36x36.jpg",36,36,true],"square":["https:\/\/nesreenbarwari.com\/wp-content\/uploads\/2025\/11\/research2-180x180.jpg",180,180,true],"featured":["https:\/\/nesreenbarwari.com\/wp-content\/uploads\/2025\/11\/research2-1500x430.jpg",1500,430,true],"featured_large":["https:\/\/nesreenbarwari.com\/wp-content\/uploads\/2025\/11\/research2-1500x630.jpg",1500,630,true],"extra_large":["https:\/\/nesreenbarwari.com\/wp-content\/uploads\/2025\/11\/research2-1500x962.jpg",1500,962,true],"portfolio":["https:\/\/nesreenbarwari.com\/wp-content\/uploads\/2025\/11\/research2-495x400.jpg",495,400,true],"portfolio_small":["https:\/\/nesreenbarwari.com\/wp-content\/uploads\/2025\/11\/research2-260x185.jpg",260,185,true],"gallery":["https:\/\/nesreenbarwari.com\/wp-content\/uploads\/2025\/11\/research2-845x684.jpg",845,684,true],"magazine":["https:\/\/nesreenbarwari.com\/wp-content\/uploads\/2025\/11\/research2-710x375.jpg",710,375,true],"masonry":["https:\/\/nesreenbarwari.com\/wp-content\/uploads\/2025\/11\/research2-705x452.jpg",705,452,true],"entry_with_sidebar":["https:\/\/nesreenbarwari.com\/wp-content\/uploads\/2025\/11\/research2-845x321.jpg",845,321,true],"entry_without_sidebar":["https:\/\/nesreenbarwari.com\/wp-content\/uploads\/2025\/11\/research2-1210x423.jpg",1210,423,true]},"uagb_author_info":{"display_name":"Dr. Nesreen Barwari","author_link":"https:\/\/nesreenbarwari.com\/krm\/author\/blndxpgmail-com\/"},"uagb_comment_info":0,"uagb_excerpt":null,"_links":{"self":[{"href":"https:\/\/nesreenbarwari.com\/krm\/wp-json\/wp\/v2\/pages\/4984","targetHints":{"allow":["GET"]}}],"collection":[{"href":"https:\/\/nesreenbarwari.com\/krm\/wp-json\/wp\/v2\/pages"}],"about":[{"href":"https:\/\/nesreenbarwari.com\/krm\/wp-json\/wp\/v2\/types\/page"}],"author":[{"embeddable":true,"href":"https:\/\/nesreenbarwari.com\/krm\/wp-json\/wp\/v2\/users\/1"}],"replies":[{"embeddable":true,"href":"https:\/\/nesreenbarwari.com\/krm\/wp-json\/wp\/v2\/comments?post=4984"}],"version-history":[{"count":1,"href":"https:\/\/nesreenbarwari.com\/krm\/wp-json\/wp\/v2\/pages\/4984\/revisions"}],"predecessor-version":[{"id":4985,"href":"https:\/\/nesreenbarwari.com\/krm\/wp-json\/wp\/v2\/pages\/4984\/revisions\/4985"}],"up":[{"embeddable":true,"href":"https:\/\/nesreenbarwari.com\/krm\/wp-json\/wp\/v2\/pages\/4994"}],"wp:featuredmedia":[{"embeddable":true,"href":"https:\/\/nesreenbarwari.com\/krm\/wp-json\/wp\/v2\/media\/4576"}],"wp:attachment":[{"href":"https:\/\/nesreenbarwari.com\/krm\/wp-json\/wp\/v2\/media?parent=4984"}],"curies":[{"name":"wp","href":"https:\/\/api.w.org\/{rel}","templated":true}]}}