{"id":4990,"date":"2025-11-07T09:03:45","date_gmt":"2025-11-07T09:03:45","guid":{"rendered":"https:\/\/nesreenbarwari.com\/pirtuk\/"},"modified":"2025-12-23T08:08:27","modified_gmt":"2025-12-23T08:08:27","slug":"pirtuk","status":"publish","type":"page","link":"https:\/\/nesreenbarwari.com\/krm\/wesan\/pirtuk\/","title":{"rendered":"Pirt\u00fbk"},"content":{"rendered":"<div id='welcome'  class='av-layout-grid-container av-8p325o-b37004130bb2522a372ed5d343e05f58 entry-content-wrapper main_color av-fixed-cells  avia-builder-el-0  el_before_av_layout_row  avia-builder-el-first   container_wrap sidebar_right'  >\n\n<style type=\"text\/css\" data-created_by=\"avia_inline_auto\" id=\"style-css-av-7pawp8-ebde7625c1a84e4e3023dbe0ba803717\">\n.flex_cell.av-7pawp8-ebde7625c1a84e4e3023dbe0ba803717{\nvertical-align:top;\nheight:15px;\nmin-height:15px;\nbackground-color:#8d4448;\n}\n.responsive #top #wrap_all .flex_cell.av-7pawp8-ebde7625c1a84e4e3023dbe0ba803717{\npadding:0px 0px 0px 0px !important;\n}\n<\/style>\n<div class='flex_cell av-7pawp8-ebde7625c1a84e4e3023dbe0ba803717 av-gridrow-cell av_one_fourth no_margin  avia-builder-el-1  el_before_av_cell_one_fourth  avia-builder-el-first  content-align-top av-zero-padding'  ><div class='flex_cell_inner'><\/div><\/div>\n<style type=\"text\/css\" data-created_by=\"avia_inline_auto\" id=\"style-css-av-5khry4-f0e539dc515faf398cbbf905dd7f852c\">\n.flex_cell.av-5khry4-f0e539dc515faf398cbbf905dd7f852c{\nvertical-align:top;\nheight:15px;\nmin-height:15px;\nbackground-color:#a06567;\n}\n.responsive #top #wrap_all .flex_cell.av-5khry4-f0e539dc515faf398cbbf905dd7f852c{\npadding:0px 0px 0px 0px !important;\n}\n<\/style>\n<div class='flex_cell av-5khry4-f0e539dc515faf398cbbf905dd7f852c av-gridrow-cell av_one_fourth no_margin  avia-builder-el-2  el_after_av_cell_one_fourth  el_before_av_cell_one_fourth  content-align-top av-zero-padding'  ><div class='flex_cell_inner'><\/div><\/div>\n<style type=\"text\/css\" data-created_by=\"avia_inline_auto\" id=\"style-css-av-48u8os-1510d99cb8f7c61244aa6ab5bbfd5312\">\n.flex_cell.av-48u8os-1510d99cb8f7c61244aa6ab5bbfd5312{\nvertical-align:top;\nheight:15px;\nmin-height:15px;\nbackground-color:#ba8f8e;\n}\n.responsive #top #wrap_all .flex_cell.av-48u8os-1510d99cb8f7c61244aa6ab5bbfd5312{\npadding:0px 0px 0px 0px !important;\n}\n<\/style>\n<div class='flex_cell av-48u8os-1510d99cb8f7c61244aa6ab5bbfd5312 av-gridrow-cell av_one_fourth no_margin  avia-builder-el-3  el_after_av_cell_one_fourth  el_before_av_cell_one_fourth  content-align-top av-zero-padding'  ><div class='flex_cell_inner'><\/div><\/div>\n<style type=\"text\/css\" data-created_by=\"avia_inline_auto\" id=\"style-css-av-2redfg-8b1e3ed7cacd018536df5c4c719adc8b\">\n.flex_cell.av-2redfg-8b1e3ed7cacd018536df5c4c719adc8b{\nvertical-align:top;\nheight:15px;\nmin-height:15px;\nbackground-color:#e6d4d5;\n}\n.responsive #top #wrap_all .flex_cell.av-2redfg-8b1e3ed7cacd018536df5c4c719adc8b{\npadding:0px 0px 0px 0px !important;\n}\n<\/style>\n<div class='flex_cell av-2redfg-8b1e3ed7cacd018536df5c4c719adc8b av-gridrow-cell av_one_fourth no_margin  avia-builder-el-4  el_after_av_cell_one_fourth  avia-builder-el-last  content-align-top av-zero-padding'  ><div class='flex_cell_inner'><\/div><\/div>\n<\/div>\n<div id='av-layout-grid-2'  class='av-layout-grid-container av-7m1911-9cdad2a53bfe3b4913e394da11a864bf entry-content-wrapper main_color av-flex-cells  avia-builder-el-5  el_after_av_layout_row  el_before_av_layout_row  grid-row-not-first  container_wrap sidebar_right'  >\n\n<style type=\"text\/css\" data-created_by=\"avia_inline_auto\" id=\"style-css-av-e9tsl-03b3bf3509bd4e5d29f6081e6e56752f\">\n.flex_cell.av-e9tsl-03b3bf3509bd4e5d29f6081e6e56752f{\nvertical-align:top;\nbackground-color:#d5c3c4;\n}\n<\/style>\n<div class='flex_cell av-e9tsl-03b3bf3509bd4e5d29f6081e6e56752f av-gridrow-cell av_one_full no_margin  avia-builder-el-6  avia-builder-el-no-sibling  content-align-top'  ><div class='flex_cell_inner'><div id='av-masonry-1' class='av-masonry av-343chh-d9920a1b9f8ce0031b6ae1897a1da5ec noHover av-fixed-size av-large-gap av-hover-overlay-active av-masonry-animation-active av-masonry-col-4 av-caption-always av-caption-style- av-masonry-entries av-orientation-portrait-large ' data-post_id=\"4990\"><div class=\"av-masonry-container isotope av-js-disabled\"><div class='av-masonry-entry isotope-item av-masonry-item-no-image all_sort pirtuk_sort '><\/div><a href=\"https:\/\/nesreenbarwari.com\/krm\/li-welate-hezar-kaniyan\/\"  id='av-masonry-1-item-4899' data-av-masonry-item='4899' class='av-masonry-entry isotope-item post-4899 post type-post status-publish format-standard has-post-thumbnail hentry category-pirtuk all_sort pirtuk_sort  av-masonry-item-with-image' title=\"81S6PajWMwL._SL1500_\"   itemscope=\"itemscope\" itemtype=\"https:\/\/schema.org\/CreativeWork\" ><div class='av-inner-masonry-sizer'><\/div><figure class='av-inner-masonry main_color'><div class=\"av-masonry-outerimage-container\"><div class='av-masonry-image-container' style=\"background-image: url(https:\/\/nesreenbarwari.com\/wp-content\/uploads\/2025\/11\/81S6PajWMwL._SL1500_.jpg);\"  title=\"81S6PajWMwL._SL1500_\" ><\/div><\/div><figcaption class='av-inner-masonry-content site-background'><div class='av-inner-masonry-content-pos'><div class='av-inner-masonry-content-pos-content'><div class='avia-arrow'><\/div><h3 class='av-masonry-entry-title entry-title '  itemprop=\"headline\" >Li Welat\u00ea Hezar Kaniyan<\/h3><span class='av-masonry-date meta-color updated'>November 7, 2025<\/span><span class=\"av-masonry-text-sep text-sep-author\">\/<\/span><span class='av-masonry-author meta-color author'><span class='fn'>by Dr. Nesreen Barwari<\/span><\/span><\/div><\/div><\/figcaption><\/figure><\/a><!--end av-masonry entry--><a href=\"https:\/\/nesreenbarwari.com\/krm\/keseya-nenavendibune\/\"  id='av-masonry-1-item-4905' data-av-masonry-item='4905' class='av-masonry-entry isotope-item post-4905 post type-post status-publish format-standard has-post-thumbnail hentry category-pirtuk all_sort pirtuk_sort  av-masonry-item-with-image' title=\"61G+fDfMryL._SL1499_\"   itemscope=\"itemscope\" itemtype=\"https:\/\/schema.org\/CreativeWork\" ><div class='av-inner-masonry-sizer'><\/div><figure class='av-inner-masonry main_color'><div class=\"av-masonry-outerimage-container\"><div class='av-masonry-image-container' style=\"background-image: url(https:\/\/nesreenbarwari.com\/wp-content\/uploads\/2025\/11\/61GfDfMryL._SL1499_.jpg);\"  title=\"61G+fDfMryL._SL1499_\" ><\/div><\/div><figcaption class='av-inner-masonry-content site-background'><div class='av-inner-masonry-content-pos'><div class='av-inner-masonry-content-pos-content'><div class='avia-arrow'><\/div><h3 class='av-masonry-entry-title entry-title '  itemprop=\"headline\" >K\u00ea\u015feya Nenavend\u00eeb\u00fbn\u00ea<\/h3><span class='av-masonry-date meta-color updated'>November 1, 2025<\/span><span class=\"av-masonry-text-sep text-sep-author\">\/<\/span><span class='av-masonry-author meta-color author'><span class='fn'>by Dr. Nesreen Barwari<\/span><\/span><\/div><\/div><\/figcaption><\/figure><\/a><!--end av-masonry entry--><a href=\"https:\/\/nesreenbarwari.com\/krm\/amraza-budceya-besdariye\/\"  id='av-masonry-1-item-4911' data-av-masonry-item='4911' class='av-masonry-entry isotope-item post-4911 post type-post status-publish format-standard has-post-thumbnail hentry category-pirtuk all_sort pirtuk_sort  av-masonry-item-with-image' title=\"cf65c79e-0e2a-4957-bc7c-b14e5429634e\"   itemscope=\"itemscope\" itemtype=\"https:\/\/schema.org\/CreativeWork\" ><div class='av-inner-masonry-sizer'><\/div><figure class='av-inner-masonry main_color'><div class=\"av-masonry-outerimage-container\"><div class='av-masonry-image-container' style=\"background-image: url(https:\/\/nesreenbarwari.com\/wp-content\/uploads\/2017\/01\/cf65c79e-0e2a-4957-bc7c-b14e5429634e.jpeg);\"  title=\"cf65c79e-0e2a-4957-bc7c-b14e5429634e\" ><\/div><\/div><figcaption class='av-inner-masonry-content site-background'><div class='av-inner-masonry-content-pos'><div class='av-inner-masonry-content-pos-content'><div class='avia-arrow'><\/div><h3 class='av-masonry-entry-title entry-title '  itemprop=\"headline\" >Amraza Budceya Be\u015fdariy\u00ea<\/h3><span class='av-masonry-date meta-color updated'>January 1, 2017<\/span><span class=\"av-masonry-text-sep text-sep-author\">\/<\/span><span class='av-masonry-author meta-color author'><span class='fn'>by Dr. Nesreen Barwari<\/span><\/span><\/div><\/div><\/figcaption><\/figure><\/a><!--end av-masonry entry--><a href=\"https:\/\/nesreenbarwari.com\/krm\/nenavendibun-li-kurdistane\/\"  id='av-masonry-1-item-4916' data-av-masonry-item='4916' class='av-masonry-entry isotope-item post-4916 post type-post status-publish format-standard has-post-thumbnail hentry category-pirtuk all_sort pirtuk_sort  av-masonry-item-with-image' title=\"WhatsApp Image 2025-11-26 at 12.42.13 PM\"   itemscope=\"itemscope\" itemtype=\"https:\/\/schema.org\/CreativeWork\" ><div class='av-inner-masonry-sizer'><\/div><figure class='av-inner-masonry main_color'><div class=\"av-masonry-outerimage-container\"><div class='av-masonry-image-container' style=\"background-image: url(https:\/\/nesreenbarwari.com\/wp-content\/uploads\/2017\/01\/WhatsApp-Image-2025-11-26-at-12.42.13-PM.jpeg);\"  title=\"WhatsApp Image 2025-11-26 at 12.42.13 PM\" ><\/div><\/div><figcaption class='av-inner-masonry-content site-background'><div class='av-inner-masonry-content-pos'><div class='av-inner-masonry-content-pos-content'><div class='avia-arrow'><\/div><h3 class='av-masonry-entry-title entry-title '  itemprop=\"headline\" >Nenavend\u00eeb\u00fbn li Kurdistan\u00ea<\/h3><span class='av-masonry-date meta-color updated'>February 15, 2015<\/span><span class=\"av-masonry-text-sep text-sep-author\">\/<\/span><span class='av-masonry-author meta-color author'><span class='fn'>by Dr. Nesreen Barwari<\/span><\/span><\/div><\/div><\/figcaption><\/figure><\/a><!--end av-masonry entry--><\/div><\/div>\n<\/div><\/div><\/div><div id='welcome'  class='av-layout-grid-container av-vfqq4-4fd44d181d8cab74d2354d3fcad3711d entry-content-wrapper main_color av-fixed-cells  avia-builder-el-8  el_after_av_layout_row  avia-builder-el-last  grid-row-not-first  container_wrap sidebar_right'  >\n\n<style type=\"text\/css\" data-created_by=\"avia_inline_auto\" id=\"style-css-av-7twsx8-67cdf4b594468d184aa5b081b28250ca\">\n.flex_cell.av-7twsx8-67cdf4b594468d184aa5b081b28250ca{\nvertical-align:top;\nheight:15px;\nmin-height:15px;\nbackground-color:#8d4448;\n}\n.responsive #top #wrap_all .flex_cell.av-7twsx8-67cdf4b594468d184aa5b081b28250ca{\npadding:0px 0px 0px 0px !important;\n}\n<\/style>\n<div class='flex_cell av-7twsx8-67cdf4b594468d184aa5b081b28250ca av-gridrow-cell av_one_fourth no_margin  avia-builder-el-9  el_before_av_cell_one_fourth  avia-builder-el-first  content-align-top av-zero-padding'  ><div class='flex_cell_inner'><\/div><\/div>\n<style type=\"text\/css\" data-created_by=\"avia_inline_auto\" id=\"style-css-av-6ik76k-ebce4e502b1fded175c6c919b721e447\">\n.flex_cell.av-6ik76k-ebce4e502b1fded175c6c919b721e447{\nvertical-align:top;\nheight:15px;\nmin-height:15px;\nbackground-color:#a06567;\n}\n.responsive #top #wrap_all .flex_cell.av-6ik76k-ebce4e502b1fded175c6c919b721e447{\npadding:0px 0px 0px 0px !important;\n}\n<\/style>\n<div class='flex_cell av-6ik76k-ebce4e502b1fded175c6c919b721e447 av-gridrow-cell av_one_fourth no_margin  avia-builder-el-10  el_after_av_cell_one_fourth  el_before_av_cell_one_fourth  content-align-top av-zero-padding'  ><div class='flex_cell_inner'><\/div><\/div>\n<style type=\"text\/css\" data-created_by=\"avia_inline_auto\" id=\"style-css-av-4ei2ng-3362de224ba54e0837142d9764227cb3\">\n.flex_cell.av-4ei2ng-3362de224ba54e0837142d9764227cb3{\nvertical-align:top;\nheight:15px;\nmin-height:15px;\nbackground-color:#ba8f8e;\n}\n.responsive #top #wrap_all .flex_cell.av-4ei2ng-3362de224ba54e0837142d9764227cb3{\npadding:0px 0px 0px 0px !important;\n}\n<\/style>\n<div class='flex_cell av-4ei2ng-3362de224ba54e0837142d9764227cb3 av-gridrow-cell av_one_fourth no_margin  avia-builder-el-11  el_after_av_cell_one_fourth  el_before_av_cell_one_fourth  content-align-top av-zero-padding'  ><div class='flex_cell_inner'><\/div><\/div>\n<style type=\"text\/css\" data-created_by=\"avia_inline_auto\" id=\"style-css-av-369s4c-ca83c630965a388f6219035815210ccb\">\n.flex_cell.av-369s4c-ca83c630965a388f6219035815210ccb{\nvertical-align:top;\nheight:15px;\nmin-height:15px;\nbackground-color:#e6d4d5;\n}\n.responsive #top #wrap_all .flex_cell.av-369s4c-ca83c630965a388f6219035815210ccb{\npadding:0px 0px 0px 0px !important;\n}\n<\/style>\n<div class='flex_cell av-369s4c-ca83c630965a388f6219035815210ccb av-gridrow-cell av_one_fourth no_margin  avia-builder-el-12  el_after_av_cell_one_fourth  avia-builder-el-last  content-align-top av-zero-padding'  ><div class='flex_cell_inner'><\/div><\/div>\n<\/div><\/p>\n","protected":false},"excerpt":{"rendered":"","protected":false},"author":1,"featured_media":4989,"parent":4994,"menu_order":0,"comment_status":"closed","ping_status":"closed","template":"","meta":{"_uag_custom_page_level_css":"","footnotes":""},"class_list":["post-4990","page","type-page","status-publish","has-post-thumbnail","hentry"],"_hostinger_reach_plugin_has_subscription_block":false,"_hostinger_reach_plugin_is_elementor":false,"uagb_featured_image_src":{"full":["https:\/\/nesreenbarwari.com\/wp-content\/uploads\/2025\/11\/vecteezy_stacked-vintage-books-windowsill-nature-background-reading_69180134-scaled.jpg",1435,2560,false],"thumbnail":["https:\/\/nesreenbarwari.com\/wp-content\/uploads\/2025\/11\/vecteezy_stacked-vintage-books-windowsill-nature-background-reading_69180134-80x80.jpg",80,80,true],"medium":["https:\/\/nesreenbarwari.com\/wp-content\/uploads\/2025\/11\/vecteezy_stacked-vintage-books-windowsill-nature-background-reading_69180134-168x300.jpg",168,300,true],"medium_large":["https:\/\/nesreenbarwari.com\/wp-content\/uploads\/2025\/11\/vecteezy_stacked-vintage-books-windowsill-nature-background-reading_69180134-768x1370.jpg",768,1370,true],"large":["https:\/\/nesreenbarwari.com\/wp-content\/uploads\/2025\/11\/vecteezy_stacked-vintage-books-windowsill-nature-background-reading_69180134-577x1030.jpg",577,1030,true],"1536x1536":["https:\/\/nesreenbarwari.com\/wp-content\/uploads\/2025\/11\/vecteezy_stacked-vintage-books-windowsill-nature-background-reading_69180134-861x1536.jpg",861,1536,true],"2048x2048":["https:\/\/nesreenbarwari.com\/wp-content\/uploads\/2025\/11\/vecteezy_stacked-vintage-books-windowsill-nature-background-reading_69180134-1148x2048.jpg",1148,2048,true],"widget":["https:\/\/nesreenbarwari.com\/wp-content\/uploads\/2025\/11\/vecteezy_stacked-vintage-books-windowsill-nature-background-reading_69180134-36x36.jpg",36,36,true],"square":["https:\/\/nesreenbarwari.com\/wp-content\/uploads\/2025\/11\/vecteezy_stacked-vintage-books-windowsill-nature-background-reading_69180134-180x180.jpg",180,180,true],"featured":["https:\/\/nesreenbarwari.com\/wp-content\/uploads\/2025\/11\/vecteezy_stacked-vintage-books-windowsill-nature-background-reading_69180134-1500x430.jpg",1500,430,true],"featured_large":["https:\/\/nesreenbarwari.com\/wp-content\/uploads\/2025\/11\/vecteezy_stacked-vintage-books-windowsill-nature-background-reading_69180134-1500x630.jpg",1500,630,true],"extra_large":["https:\/\/nesreenbarwari.com\/wp-content\/uploads\/2025\/11\/vecteezy_stacked-vintage-books-windowsill-nature-background-reading_69180134-841x1500.jpg",841,1500,true],"portfolio":["https:\/\/nesreenbarwari.com\/wp-content\/uploads\/2025\/11\/vecteezy_stacked-vintage-books-windowsill-nature-background-reading_69180134-495x400.jpg",495,400,true],"portfolio_small":["https:\/\/nesreenbarwari.com\/wp-content\/uploads\/2025\/11\/vecteezy_stacked-vintage-books-windowsill-nature-background-reading_69180134-260x185.jpg",260,185,true],"gallery":["https:\/\/nesreenbarwari.com\/wp-content\/uploads\/2025\/11\/vecteezy_stacked-vintage-books-windowsill-nature-background-reading_69180134-845x684.jpg",845,684,true],"magazine":["https:\/\/nesreenbarwari.com\/wp-content\/uploads\/2025\/11\/vecteezy_stacked-vintage-books-windowsill-nature-background-reading_69180134-710x375.jpg",710,375,true],"masonry":["https:\/\/nesreenbarwari.com\/wp-content\/uploads\/2025\/11\/vecteezy_stacked-vintage-books-windowsill-nature-background-reading_69180134-395x705.jpg",395,705,true],"entry_with_sidebar":["https:\/\/nesreenbarwari.com\/wp-content\/uploads\/2025\/11\/vecteezy_stacked-vintage-books-windowsill-nature-background-reading_69180134-845x321.jpg",845,321,true],"entry_without_sidebar":["https:\/\/nesreenbarwari.com\/wp-content\/uploads\/2025\/11\/vecteezy_stacked-vintage-books-windowsill-nature-background-reading_69180134-1210x423.jpg",1210,423,true]},"uagb_author_info":{"display_name":"Dr. Nesreen Barwari","author_link":"https:\/\/nesreenbarwari.com\/krm\/author\/blndxpgmail-com\/"},"uagb_comment_info":0,"uagb_excerpt":null,"_links":{"self":[{"href":"https:\/\/nesreenbarwari.com\/krm\/wp-json\/wp\/v2\/pages\/4990","targetHints":{"allow":["GET"]}}],"collection":[{"href":"https:\/\/nesreenbarwari.com\/krm\/wp-json\/wp\/v2\/pages"}],"about":[{"href":"https:\/\/nesreenbarwari.com\/krm\/wp-json\/wp\/v2\/types\/page"}],"author":[{"embeddable":true,"href":"https:\/\/nesreenbarwari.com\/krm\/wp-json\/wp\/v2\/users\/1"}],"replies":[{"embeddable":true,"href":"https:\/\/nesreenbarwari.com\/krm\/wp-json\/wp\/v2\/comments?post=4990"}],"version-history":[{"count":1,"href":"https:\/\/nesreenbarwari.com\/krm\/wp-json\/wp\/v2\/pages\/4990\/revisions"}],"predecessor-version":[{"id":4991,"href":"https:\/\/nesreenbarwari.com\/krm\/wp-json\/wp\/v2\/pages\/4990\/revisions\/4991"}],"up":[{"embeddable":true,"href":"https:\/\/nesreenbarwari.com\/krm\/wp-json\/wp\/v2\/pages\/4994"}],"wp:featuredmedia":[{"embeddable":true,"href":"https:\/\/nesreenbarwari.com\/krm\/wp-json\/wp\/v2\/media\/4989"}],"wp:attachment":[{"href":"https:\/\/nesreenbarwari.com\/krm\/wp-json\/wp\/v2\/media?parent=4990"}],"curies":[{"name":"wp","href":"https:\/\/api.w.org\/{rel}","templated":true}]}}