{"id":5095,"date":"2016-05-23T10:30:24","date_gmt":"2016-05-23T10:30:24","guid":{"rendered":"https:\/\/nesreenbarwari.com\/peywendi\/"},"modified":"2026-01-06T11:10:50","modified_gmt":"2026-01-06T11:10:50","slug":"peywendi","status":"publish","type":"page","link":"https:\/\/nesreenbarwari.com\/krm\/peywendi\/","title":{"rendered":"Peywend\u00ee"},"content":{"rendered":"<div id='welcome'  class='av-layout-grid-container av-2g3lnz-788f45ebff46e14228c674c4e80a3e4e entry-content-wrapper main_color av-fixed-cells  avia-builder-el-0  el_before_av_google_map  avia-builder-el-first   container_wrap sidebar_right'  >\n\n<style type=\"text\/css\" data-created_by=\"avia_inline_auto\" id=\"style-css-av-2astlz-29a16386b3be9b1583d4340083be2d05\">\n.flex_cell.av-2astlz-29a16386b3be9b1583d4340083be2d05{\nvertical-align:top;\nheight:15px;\nmin-height:15px;\nbackground-color:#8d4448;\n}\n.responsive #top #wrap_all .flex_cell.av-2astlz-29a16386b3be9b1583d4340083be2d05{\npadding:0px 0px 0px 0px !important;\n}\n<\/style>\n<div class='flex_cell av-2astlz-29a16386b3be9b1583d4340083be2d05 av-gridrow-cell av_one_fourth no_margin  avia-builder-el-1  el_before_av_cell_one_fourth  avia-builder-el-first  content-align-top av-zero-padding'  ><div class='flex_cell_inner'><\/div><\/div>\n<style type=\"text\/css\" data-created_by=\"avia_inline_auto\" id=\"style-css-av-22g8mf-e277ddbc72c51930f0f7b8aed977f16a\">\n.flex_cell.av-22g8mf-e277ddbc72c51930f0f7b8aed977f16a{\nvertical-align:top;\nheight:15px;\nmin-height:15px;\nbackground-color:#a06567;\n}\n.responsive #top #wrap_all .flex_cell.av-22g8mf-e277ddbc72c51930f0f7b8aed977f16a{\npadding:0px 0px 0px 0px !important;\n}\n<\/style>\n<div class='flex_cell av-22g8mf-e277ddbc72c51930f0f7b8aed977f16a av-gridrow-cell av_one_fourth no_margin  avia-builder-el-2  el_after_av_cell_one_fourth  el_before_av_cell_one_fourth  content-align-top av-zero-padding'  ><div class='flex_cell_inner'><\/div><\/div>\n<style type=\"text\/css\" data-created_by=\"avia_inline_auto\" id=\"style-css-av-6rlhj-8087b47a829a02e3ea395543245fbd87\">\n.flex_cell.av-6rlhj-8087b47a829a02e3ea395543245fbd87{\nvertical-align:top;\nheight:15px;\nmin-height:15px;\nbackground-color:#ba8f8e;\n}\n.responsive #top #wrap_all .flex_cell.av-6rlhj-8087b47a829a02e3ea395543245fbd87{\npadding:0px 0px 0px 0px !important;\n}\n<\/style>\n<div class='flex_cell av-6rlhj-8087b47a829a02e3ea395543245fbd87 av-gridrow-cell av_one_fourth no_margin  avia-builder-el-3  el_after_av_cell_one_fourth  el_before_av_cell_one_fourth  content-align-top av-zero-padding'  ><div class='flex_cell_inner'><\/div><\/div>\n<style type=\"text\/css\" data-created_by=\"avia_inline_auto\" id=\"style-css-av-1omgvb-5cc44aecee352157f8db8f9e6776232c\">\n.flex_cell.av-1omgvb-5cc44aecee352157f8db8f9e6776232c{\nvertical-align:top;\nheight:15px;\nmin-height:15px;\nbackground-color:#e6d4d5;\n}\n.responsive #top #wrap_all .flex_cell.av-1omgvb-5cc44aecee352157f8db8f9e6776232c{\npadding:0px 0px 0px 0px !important;\n}\n<\/style>\n<div class='flex_cell av-1omgvb-5cc44aecee352157f8db8f9e6776232c av-gridrow-cell av_one_fourth no_margin  avia-builder-el-4  el_after_av_cell_one_fourth  avia-builder-el-last  content-align-top av-zero-padding'  ><div class='flex_cell_inner'><\/div><\/div>\n<\/div>\n\n<p><div id='hello'  class='av-layout-grid-container av-4d6ahz-1d7aa37778915d7026bbe401f618aaa9 entry-content-wrapper main_color av-flex-cells  avia-builder-el-6  el_after_av_google_map  el_before_av_layout_row  grid-row-not-first  container_wrap sidebar_right'  >\n\n<style type=\"text\/css\" data-created_by=\"avia_inline_auto\" id=\"style-css-av-46n4g7-e1b2486cd65e208bbe69e463476c958b\">\n.flex_cell.av-46n4g7-e1b2486cd65e208bbe69e463476c958b{\nvertical-align:top;\n}\n.responsive #top #wrap_all .flex_cell.av-46n4g7-e1b2486cd65e208bbe69e463476c958b{\npadding:100px 100px 100px 100px !important;\n}\n<\/style>\n<div class='flex_cell av-46n4g7-e1b2486cd65e208bbe69e463476c958b av-gridrow-cell av_two_fifth no_margin  avia-builder-el-7  el_before_av_cell_three_fifth  avia-builder-el-first  content-align-top'  ><div class='flex_cell_inner'><p>\n<style type=\"text\/css\" data-created_by=\"avia_inline_auto\" id=\"style-css-av-42p63z-4af0c9251f142be396504bac6aa1f4b7\">\n#top .av-special-heading.av-42p63z-4af0c9251f142be396504bac6aa1f4b7{\npadding-bottom:30px;\nfont-size:70px;\n}\nbody .av-special-heading.av-42p63z-4af0c9251f142be396504bac6aa1f4b7 .av-special-heading-tag .heading-char{\nfont-size:25px;\n}\n#top #wrap_all .av-special-heading.av-42p63z-4af0c9251f142be396504bac6aa1f4b7 .av-special-heading-tag{\nfont-size:70px;\n}\n.av-special-heading.av-42p63z-4af0c9251f142be396504bac6aa1f4b7 .av-subheading{\nfont-size:15px;\n}\n\n@media only screen and (min-width: 480px) and (max-width: 767px){ \n#top #wrap_all .av-special-heading.av-42p63z-4af0c9251f142be396504bac6aa1f4b7 .av-special-heading-tag{\nfont-size:0.8em;\n}\n}\n\n@media only screen and (max-width: 479px){ \n#top #wrap_all .av-special-heading.av-42p63z-4af0c9251f142be396504bac6aa1f4b7 .av-special-heading-tag{\nfont-size:0.8em;\n}\n}\n<\/style>\n<div  class='av-special-heading av-42p63z-4af0c9251f142be396504bac6aa1f4b7 av-special-heading-h1 blockquote modern-quote  avia-builder-el-8  el_before_av_textblock  avia-builder-el-first  av-inherit-size'><h1 class='av-special-heading-tag '  itemprop=\"headline\"  >Peywend\u00ee<\/h1><div class=\"special-heading-border\"><div class=\"special-heading-inner-border\"><\/div><\/div><\/div><br \/>\n<section  class='av_textblock_section av-3v6m53-72f9211ad30829c7e5a969976db835a7 '   itemscope=\"itemscope\" itemtype=\"https:\/\/schema.org\/CreativeWork\" ><div class='avia_textblock'  itemprop=\"text\" ><p>\u00c7i pirs be, yan p\u00ea\u015fniyar, yan j\u00ee plankirina \u00e7alakiyek\u00ea ligel Dr. Nesr\u00een\u00ea, tu dikar\u00ee her dem peywendiy\u00ea bik\u00ee. Ez bi xwe hem\u00fb peyaman dixw\u00eenim.<\/p>\n<\/div><\/section><br \/>\n\n<style type=\"text\/css\" data-created_by=\"avia_inline_auto\" id=\"style-css-av-3qlbiv-20cc20ffb29dfb6b2779c1a7713d502e\">\n#top .hr.hr-invisible.av-3qlbiv-20cc20ffb29dfb6b2779c1a7713d502e{\nheight:20px;\n}\n<\/style>\n<div  class='hr av-3qlbiv-20cc20ffb29dfb6b2779c1a7713d502e hr-invisible  avia-builder-el-10  el_after_av_textblock  avia-builder-el-last '><span class='hr-inner '><span class=\"hr-inner-style\"><\/span><\/span><\/div><\/p>\n<\/div><\/div>\n<style type=\"text\/css\" data-created_by=\"avia_inline_auto\" id=\"style-css-av-c3kr3-40a60a3cddf210bf574b2f6091c9d860\">\n.flex_cell.av-c3kr3-40a60a3cddf210bf574b2f6091c9d860{\nvertical-align:top;\nbackground-color:#a06567;\n}\n.responsive #top #wrap_all .flex_cell.av-c3kr3-40a60a3cddf210bf574b2f6091c9d860{\npadding:50px 50px 50px 50px !important;\n}\n<\/style>\n<div class='flex_cell av-c3kr3-40a60a3cddf210bf574b2f6091c9d860 av-gridrow-cell av_three_fifth no_margin  avia-builder-el-11  el_after_av_cell_two_fifth  avia-builder-el-last  content-align-top avia-full-stretch'  ><div class='flex_cell_inner'>\n<style type=\"text\/css\" data-created_by=\"avia_inline_auto\" id=\"style-css-av-37opzb-1510b20b46bccc7cdd02c7f8701e59e6\">\n.flex_column.av-37opzb-1510b20b46bccc7cdd02c7f8701e59e6{\nborder-radius:0px 0px 0px 0px;\npadding:50px 50px 50px 50px;\nbackground-color:#ffffff;\n}\n<\/style>\n<div  class='flex_column av-37opzb-1510b20b46bccc7cdd02c7f8701e59e6 av_one_full  avia-builder-el-12  avia-builder-el-no-sibling  first flex_column_div avia-full-contain  '     ><form action=\"https:\/\/nesreenbarwari.com\/krm\/peywendi\/\" method=\"post\" data-fields-with-error=\"Found errors in the following field(s):\" class=\"avia_ajax_form av-form-labels-visible   avia-builder-el-13  avia-builder-el-no-sibling  av-show-form-errors   \" data-avia-form-id=\"1\" data-avia-redirect=''  aria-label='Contact Form' ><fieldset><p class='  first_form  form_element form_element_half' id='element_avia_1_1'><label for=\"avia_1_1\">Nav <abbr class=\"required\" title=\"required\">*<\/abbr><\/label> <input name=\"avia_1_1\" class=\"text_input is_empty\" type=\"text\" id=\"avia_1_1\" value=\"\" \/><\/p><p class='  form_element form_element_half' id='element_avia_2_1'><label for=\"avia_2_1\">E-Mail <abbr class=\"required\" title=\"required\">*<\/abbr><\/label> <input name=\"avia_2_1\" class=\"text_input is_email\" type=\"text\" id=\"avia_2_1\" value=\"\" \/><\/p><p class='  first_form  form_element form_fullwidth' id='element_avia_3_1'><label for=\"avia_3_1\">T\u00eepa Peyam\u00ea <abbr class=\"required\" title=\"required\">*<\/abbr><\/label><select  name=\"avia_3_1\" class=\"select is_empty\" id=\"avia_3_1\"><option   value='Pirs\u00ean Gi\u015ft\u00ee'>Pirs\u00ean Gi\u015ft\u00ee<\/option><option   value='Gerokar\u00ee'>Gerokar\u00ee<\/option><option   value='Rojname\/Medya'>Rojname\/Medya<\/option><option   value='Daxwaza Pirt\u00fbk'>Daxwaza Pirt\u00fbk<\/option><option   value='Randev\u00fbya N\u00ee\u015fandana Pirt\u00fbk'>Randev\u00fbya N\u00ee\u015fandana Pirt\u00fbk<\/option><option   value='Raportkirina Pirsgir\u00eak\u00ea'>Raportkirina Pirsgir\u00eak\u00ea<\/option><\/select><\/p><p class='  first_form  form_element form_fullwidth' id='element_avia_4_1'><label for=\"avia_4_1\">Babet <abbr class=\"required\" title=\"required\">*<\/abbr><\/label> <input name=\"avia_4_1\" class=\"text_input is_empty\" type=\"text\" id=\"avia_4_1\" value=\"\" \/><\/p><p class='  first_form  form_element form_fullwidth' id='element_avia_5_1'><label for=\"avia_5_1\" class=\"textare_label hidden textare_label_avia_5_1\">Peyam <abbr class=\"required\" title=\"required\">*<\/abbr><\/label><textarea  name=\"avia_5_1\" class=\"text_area is_empty\" cols=\"40\" rows=\"7\" id=\"avia_5_1\" ><\/textarea><\/p><p class=\"hidden\"><input type=\"text\" name=\"avia_6_1\" class=\"hidden \" id=\"avia_6_1\" value=\"\" \/><\/p><p class='   form_element form_fullwidth' id='element_avia_7_1'><span class='value_verifier_label'>5 + 1 = ?<\/span><input name=\"avia_7_1_verifier\" type=\"hidden\" id=\"avia_7_1_verifier\" value=\"466446312\"\/><label for=\"avia_7_1\">Please prove that you are human by solving the equation <abbr class=\"required\" title=\"required\">*<\/abbr><\/label><input name=\"avia_7_1\" class=\"text_input captcha\" type=\"text\" id=\"avia_7_1\" value=\"\"\/><\/p><p class=\"form_element \"><input type=\"hidden\" value=\"1\" name=\"avia_generated_form1\" \/><input type=\"submit\" value=\"Hinartin\" class=\"button\"  data-sending-label=\"Sending\"\/><\/p><\/fieldset><\/form><div id=\"ajaxresponse_1\" class=\"ajaxresponse ajaxresponse_1 hidden\"><\/div><\/div>\n<\/div><\/div>\n<\/div><div id='welcome'  class='av-layout-grid-container av-wstgf-53b9fe4246ab213561bbe6437f62f876 entry-content-wrapper main_color av-fixed-cells  avia-builder-el-14  el_after_av_layout_row  el_before_av_section  grid-row-not-first  container_wrap sidebar_right'  >\n\n<style type=\"text\/css\" data-created_by=\"avia_inline_auto\" id=\"style-css-av-qg5z3-742ded21efda4ac98e1575aaf3be784e\">\n.flex_cell.av-qg5z3-742ded21efda4ac98e1575aaf3be784e{\nvertical-align:top;\nheight:15px;\nmin-height:15px;\nbackground-color:#8d4448;\n}\n.responsive #top #wrap_all .flex_cell.av-qg5z3-742ded21efda4ac98e1575aaf3be784e{\npadding:0px 0px 0px 0px !important;\n}\n<\/style>\n<div class='flex_cell av-qg5z3-742ded21efda4ac98e1575aaf3be784e av-gridrow-cell av_one_fourth no_margin  avia-builder-el-15  el_before_av_cell_one_fourth  avia-builder-el-first  content-align-top av-zero-padding'  ><div class='flex_cell_inner'><\/div><\/div>\n<style type=\"text\/css\" data-created_by=\"avia_inline_auto\" id=\"style-css-av-l63dr-e6d831407ec1d0158d1a738dcf879433\">\n.flex_cell.av-l63dr-e6d831407ec1d0158d1a738dcf879433{\nvertical-align:top;\nheight:15px;\nmin-height:15px;\nbackground-color:#a06567;\n}\n.responsive #top #wrap_all .flex_cell.av-l63dr-e6d831407ec1d0158d1a738dcf879433{\npadding:0px 0px 0px 0px !important;\n}\n<\/style>\n<div class='flex_cell av-l63dr-e6d831407ec1d0158d1a738dcf879433 av-gridrow-cell av_one_fourth no_margin  avia-builder-el-16  el_after_av_cell_one_fourth  el_before_av_cell_one_fourth  content-align-top av-zero-padding'  ><div class='flex_cell_inner'><\/div><\/div>\n<style type=\"text\/css\" data-created_by=\"avia_inline_auto\" id=\"style-css-av-fvofz-83a49667af98df5adebec24a1b9c2dd2\">\n.flex_cell.av-fvofz-83a49667af98df5adebec24a1b9c2dd2{\nvertical-align:top;\nheight:15px;\nmin-height:15px;\nbackground-color:#ba8f8e;\n}\n.responsive #top #wrap_all .flex_cell.av-fvofz-83a49667af98df5adebec24a1b9c2dd2{\npadding:0px 0px 0px 0px !important;\n}\n<\/style>\n<div class='flex_cell av-fvofz-83a49667af98df5adebec24a1b9c2dd2 av-gridrow-cell av_one_fourth no_margin  avia-builder-el-17  el_after_av_cell_one_fourth  el_before_av_cell_one_fourth  content-align-top av-zero-padding'  ><div class='flex_cell_inner'><\/div><\/div>\n<style type=\"text\/css\" data-created_by=\"avia_inline_auto\" id=\"style-css-av-b4ur3-dd25d2714c02c750a7b1d5d738c1527b\">\n.flex_cell.av-b4ur3-dd25d2714c02c750a7b1d5d738c1527b{\nvertical-align:top;\nheight:15px;\nmin-height:15px;\nbackground-color:#e6d4d5;\n}\n.responsive #top #wrap_all .flex_cell.av-b4ur3-dd25d2714c02c750a7b1d5d738c1527b{\npadding:0px 0px 0px 0px !important;\n}\n<\/style>\n<div class='flex_cell av-b4ur3-dd25d2714c02c750a7b1d5d738c1527b av-gridrow-cell av_one_fourth no_margin  avia-builder-el-18  el_after_av_cell_one_fourth  avia-builder-el-last  content-align-top av-zero-padding'  ><div class='flex_cell_inner'><\/div><\/div>\n<\/div><\/p>\n\n<style type=\"text\/css\" data-created_by=\"avia_inline_auto\" id=\"style-css-av-1gtxbz-0ccba781af9539d3446e517044a7533b\">\n.avia-section.av-1gtxbz-0ccba781af9539d3446e517044a7533b{\nbackground-repeat:no-repeat;\nbackground-image:url(https:\/\/nesreenbarwari.com\/wp-content\/uploads\/2016\/05\/complete-healthy-breakfast-m.jpg);\nbackground-position:50% 50%;\nbackground-attachment:fixed;\n}\n.avia-section.av-1gtxbz-0ccba781af9539d3446e517044a7533b .av-section-color-overlay{\nopacity:0.8;\nbackground-color:#000000;\n}\n<\/style>\n<div id='av_section_1'  class='avia-section av-1gtxbz-0ccba781af9539d3446e517044a7533b alternate_color avia-section-huge avia-no-border-styling  avia-builder-el-19  el_after_av_layout_row  avia-builder-el-last  av-desktop-hide av-medium-hide av-small-hide av-mini-hide avia-full-stretch avia-bg-style-fixed av-section-color-overlay-active container_wrap sidebar_right'  data-section-bg-repeat='stretch'><div class=\"av-section-color-overlay-wrap\"><div class=\"av-section-color-overlay\"><\/div><div class='container av-section-cont-open' ><div class='template-page content  av-content-small alpha units'><div class='post-entry post-entry-type-page post-entry-5095'><div class='entry-content-wrapper clearfix'>\n\n<style type=\"text\/css\" data-created_by=\"avia_inline_auto\" id=\"style-css-av-19gn6f-b9301b252dede3f28b99bfdb2291d152\">\n.flex_column.av-19gn6f-b9301b252dede3f28b99bfdb2291d152{\nborder-radius:0px 0px 0px 0px;\npadding:0px 0px 0px 0px;\n}\n<\/style>\n<div  class='flex_column av-19gn6f-b9301b252dede3f28b99bfdb2291d152 av_one_fifth  avia-builder-el-20  el_before_av_three_fifth  avia-builder-el-first  first flex_column_div av-zero-column-padding  '     ><\/div>\n<style type=\"text\/css\" data-created_by=\"avia_inline_auto\" id=\"style-css-av-14irmn-af1cea57079b43a9032aa78c18e9cdf3\">\n.flex_column.av-14irmn-af1cea57079b43a9032aa78c18e9cdf3{\nborder-radius:0px 0px 0px 0px;\npadding:0px 0px 0px 0px;\n}\n<\/style>\n<div  class='flex_column av-14irmn-af1cea57079b43a9032aa78c18e9cdf3 av_three_fifth  avia-builder-el-21  el_after_av_one_fifth  el_before_av_one_fifth  flex_column_div av-zero-column-padding  '     ><p>\n<style type=\"text\/css\" data-created_by=\"avia_inline_auto\" id=\"style-css-av-uwc6f-bdb4dc1fac88de6e10c414d344cf73dc\">\n#top .av-special-heading.av-uwc6f-bdb4dc1fac88de6e10c414d344cf73dc{\npadding-bottom:20px;\nfont-size:50px;\n}\nbody .av-special-heading.av-uwc6f-bdb4dc1fac88de6e10c414d344cf73dc .av-special-heading-tag .heading-char{\nfont-size:25px;\n}\n#top #wrap_all .av-special-heading.av-uwc6f-bdb4dc1fac88de6e10c414d344cf73dc .av-special-heading-tag{\nfont-size:50px;\n}\n.av-special-heading.av-uwc6f-bdb4dc1fac88de6e10c414d344cf73dc .av-subheading{\nfont-size:15px;\n}\n\n@media only screen and (min-width: 480px) and (max-width: 767px){ \n#top #wrap_all .av-special-heading.av-uwc6f-bdb4dc1fac88de6e10c414d344cf73dc .av-special-heading-tag{\nfont-size:0.8em;\n}\n}\n\n@media only screen and (max-width: 479px){ \n#top #wrap_all .av-special-heading.av-uwc6f-bdb4dc1fac88de6e10c414d344cf73dc .av-special-heading-tag{\nfont-size:0.8em;\n}\n}\n<\/style>\n<div  class='av-special-heading av-uwc6f-bdb4dc1fac88de6e10c414d344cf73dc av-special-heading-h1 blockquote modern-quote modern-centered  avia-builder-el-22  el_before_av_textblock  avia-builder-el-first  av-inherit-size'><h1 class='av-special-heading-tag '  itemprop=\"headline\"  >Check out my services<\/h1><div class=\"special-heading-border\"><div class=\"special-heading-inner-border\"><\/div><\/div><\/div><br \/>\n<section  class='av_textblock_section av-omd5b-911ddf5a3fd8f83f9e9311c73e20c947 '   itemscope=\"itemscope\" itemtype=\"https:\/\/schema.org\/CreativeWork\" ><div class='avia_textblock'  itemprop=\"text\" ><p style=\"text-align: center;\">Lorem ipsum dolor sit amet, consectetuer adipiscing elit. Aenean commodo ligula eget dolor. Aenean massa. Cum sociis natoque penatibus et magnis dis parturient montes, nascetur ridiculus mus. Donec quam felis, ultricies nec, pellentesque eu.<\/p>\n<\/div><\/section><br \/>\n\n<style type=\"text\/css\" data-created_by=\"avia_inline_auto\" id=\"style-css-av-n5zcf-d513dc421b4506837d42e75a74a72f77\">\n#top .hr.hr-invisible.av-n5zcf-d513dc421b4506837d42e75a74a72f77{\nheight:20px;\n}\n<\/style>\n<div  class='hr av-n5zcf-d513dc421b4506837d42e75a74a72f77 hr-invisible  avia-builder-el-24  el_after_av_textblock  el_before_av_button '><span class='hr-inner '><span class=\"hr-inner-style\"><\/span><\/span><\/div><br \/>\n<div  class='avia-button-wrap av-1aslz-e5aff0829d381042c7fe45edd69d8ad3-wrap avia-button-center  avia-builder-el-25  el_after_av_hr  avia-builder-el-last '><a href=''  class='avia-button av-1aslz-e5aff0829d381042c7fe45edd69d8ad3 av-link-btn avia-icon_select-yes-right-icon avia-size-large avia-position-center av-icon-on-hover avia-color-light'   aria-label=\"What I can do for you\"><span class='avia_iconbox_title' >What I can do for you<\/span><span class='avia_button_icon avia_button_icon_right avia-iconfont avia-font-entypo-fontello' data-av_icon='\ue879' data-av_iconfont='entypo-fontello' ><\/span><\/a><\/div><\/p><\/div>\n<style type=\"text\/css\" data-created_by=\"avia_inline_auto\" id=\"style-css-av-94h1j-499887ebd6e464e7905765557350bc35\">\n.flex_column.av-94h1j-499887ebd6e464e7905765557350bc35{\nborder-radius:0px 0px 0px 0px;\npadding:0px 0px 0px 0px;\n}\n<\/style>\n<div  class='flex_column av-94h1j-499887ebd6e464e7905765557350bc35 av_one_fifth  avia-builder-el-26  el_after_av_three_fifth  avia-builder-el-last  flex_column_div av-zero-column-padding  '     ><\/div>\n<\/div><\/div><\/div><!-- close content main div --><\/div><\/div><\/div><div id='after_section_1'  class='main_color av_default_container_wrap container_wrap sidebar_right'  ><div class='container av-section-cont-open' ><div class='template-page content  av-content-small alpha units'><div class='post-entry post-entry-type-page post-entry-5095'><div class='entry-content-wrapper clearfix'>\n","protected":false},"excerpt":{"rendered":"","protected":false},"author":1,"featured_media":0,"parent":0,"menu_order":0,"comment_status":"closed","ping_status":"closed","template":"","meta":{"_uag_custom_page_level_css":"","footnotes":""},"class_list":["post-5095","page","type-page","status-publish","hentry"],"_hostinger_reach_plugin_has_subscription_block":false,"_hostinger_reach_plugin_is_elementor":false,"uagb_featured_image_src":{"full":false,"thumbnail":false,"medium":false,"medium_large":false,"large":false,"1536x1536":false,"2048x2048":false,"widget":false,"square":false,"featured":false,"featured_large":false,"extra_large":false,"portfolio":false,"portfolio_small":false,"gallery":false,"magazine":false,"masonry":false,"entry_with_sidebar":false,"entry_without_sidebar":false},"uagb_author_info":{"display_name":"Dr. Nesreen Barwari","author_link":"https:\/\/nesreenbarwari.com\/krm\/author\/blndxpgmail-com\/"},"uagb_comment_info":0,"uagb_excerpt":null,"_links":{"self":[{"href":"https:\/\/nesreenbarwari.com\/krm\/wp-json\/wp\/v2\/pages\/5095","targetHints":{"allow":["GET"]}}],"collection":[{"href":"https:\/\/nesreenbarwari.com\/krm\/wp-json\/wp\/v2\/pages"}],"about":[{"href":"https:\/\/nesreenbarwari.com\/krm\/wp-json\/wp\/v2\/types\/page"}],"author":[{"embeddable":true,"href":"https:\/\/nesreenbarwari.com\/krm\/wp-json\/wp\/v2\/users\/1"}],"replies":[{"embeddable":true,"href":"https:\/\/nesreenbarwari.com\/krm\/wp-json\/wp\/v2\/comments?post=5095"}],"version-history":[{"count":11,"href":"https:\/\/nesreenbarwari.com\/krm\/wp-json\/wp\/v2\/pages\/5095\/revisions"}],"predecessor-version":[{"id":5267,"href":"https:\/\/nesreenbarwari.com\/krm\/wp-json\/wp\/v2\/pages\/5095\/revisions\/5267"}],"wp:attachment":[{"href":"https:\/\/nesreenbarwari.com\/krm\/wp-json\/wp\/v2\/media?parent=5095"}],"curies":[{"name":"wp","href":"https:\/\/api.w.org\/{rel}","templated":true}]}}