{"id":5140,"date":"2025-11-03T16:02:53","date_gmt":"2025-11-03T16:02:53","guid":{"rendered":"https:\/\/nesreenbarwari.com\/?page_id=5140"},"modified":"2025-12-23T10:14:52","modified_gmt":"2025-12-23T10:14:52","slug":"beyaneya-kesayi","status":"publish","type":"page","link":"https:\/\/nesreenbarwari.com\/krm\/derbar\/beyaneya-kesayi\/","title":{"rendered":"Beyaneya Kesay\u00ee"},"content":{"rendered":"<div id='welcome'  class='av-layout-grid-container av-av_layout_row-e953b38f40e1ea258d1cc83b3b2587fa entry-content-wrapper main_color av-fixed-cells  avia-builder-el-0  el_before_av_textblock  avia-builder-el-first   container_wrap sidebar_right'  >\n\n<style type=\"text\/css\" data-created_by=\"avia_inline_auto\" id=\"style-css-av-av_cell_one_fourth-4f8fbf2777f3f69894a3778c66df7814\">\n.flex_cell.av-av_cell_one_fourth-4f8fbf2777f3f69894a3778c66df7814{\nvertical-align:top;\nheight:15px;\nmin-height:15px;\nbackground-color:#8d4448;\n}\n.responsive #top #wrap_all .flex_cell.av-av_cell_one_fourth-4f8fbf2777f3f69894a3778c66df7814{\npadding:0px 0px 0px 0px !important;\n}\n<\/style>\n<div class='flex_cell av-av_cell_one_fourth-4f8fbf2777f3f69894a3778c66df7814 av-gridrow-cell av_one_fourth no_margin  avia-builder-el-1  el_before_av_cell_one_fourth  avia-builder-el-first  content-align-top av-zero-padding'  ><div class='flex_cell_inner'><\/div><\/div>\n<style type=\"text\/css\" data-created_by=\"avia_inline_auto\" id=\"style-css-av-av_cell_one_fourth-0143d0755d31e5c3b7b5122781f0221d\">\n.flex_cell.av-av_cell_one_fourth-0143d0755d31e5c3b7b5122781f0221d{\nvertical-align:top;\nheight:15px;\nmin-height:15px;\nbackground-color:#a06567;\n}\n.responsive #top #wrap_all .flex_cell.av-av_cell_one_fourth-0143d0755d31e5c3b7b5122781f0221d{\npadding:0px 0px 0px 0px !important;\n}\n<\/style>\n<div class='flex_cell av-av_cell_one_fourth-0143d0755d31e5c3b7b5122781f0221d av-gridrow-cell av_one_fourth no_margin  avia-builder-el-2  el_after_av_cell_one_fourth  el_before_av_cell_one_fourth  content-align-top av-zero-padding'  ><div class='flex_cell_inner'><\/div><\/div>\n<style type=\"text\/css\" data-created_by=\"avia_inline_auto\" id=\"style-css-av-av_cell_one_fourth-014611645389d8d09c372f97529b9ec4\">\n.flex_cell.av-av_cell_one_fourth-014611645389d8d09c372f97529b9ec4{\nvertical-align:top;\nheight:15px;\nmin-height:15px;\nbackground-color:#ba8f8e;\n}\n.responsive #top #wrap_all .flex_cell.av-av_cell_one_fourth-014611645389d8d09c372f97529b9ec4{\npadding:0px 0px 0px 0px !important;\n}\n<\/style>\n<div class='flex_cell av-av_cell_one_fourth-014611645389d8d09c372f97529b9ec4 av-gridrow-cell av_one_fourth no_margin  avia-builder-el-3  el_after_av_cell_one_fourth  el_before_av_cell_one_fourth  content-align-top av-zero-padding'  ><div class='flex_cell_inner'><\/div><\/div>\n<style type=\"text\/css\" data-created_by=\"avia_inline_auto\" id=\"style-css-av-av_cell_one_fourth-60d0b05e1d871b8c4ea2effd4534b797\">\n.flex_cell.av-av_cell_one_fourth-60d0b05e1d871b8c4ea2effd4534b797{\nvertical-align:top;\nheight:15px;\nmin-height:15px;\nbackground-color:#e6d4d5;\n}\n.responsive #top #wrap_all .flex_cell.av-av_cell_one_fourth-60d0b05e1d871b8c4ea2effd4534b797{\npadding:0px 0px 0px 0px !important;\n}\n<\/style>\n<div class='flex_cell av-av_cell_one_fourth-60d0b05e1d871b8c4ea2effd4534b797 av-gridrow-cell av_one_fourth no_margin  avia-builder-el-4  el_after_av_cell_one_fourth  avia-builder-el-last  content-align-top av-zero-padding'  ><div class='flex_cell_inner'><\/div><\/div>\n<\/div><div id='after_grid_row_1'  class='main_color av_default_container_wrap container_wrap sidebar_right'  ><div class='container av-section-cont-open' ><div class='template-page content  av-content-small alpha units'><div class='post-entry post-entry-type-page post-entry-5140'><div class='entry-content-wrapper clearfix'>\n<section  class='av_textblock_section av-mjifh6xd-cecc0ac46805563d3b3965de58deefc5 '   itemscope=\"itemscope\" itemtype=\"https:\/\/schema.org\/CreativeWork\" ><div class='avia_textblock'  itemprop=\"text\" ><p data-start=\"0\" data-end=\"365\">Ez di qada taybet\u00ee, gi\u015ft\u00ee, ne-firok\u00ee, \u00fb akadem\u00eek de xebit\u00eeme da ku r\u00eabaz\u00ean r\u00eaveberiya \u015fer \u00fb hevjiyan p\u00ea\u015f bixin bi r\u00eaya r\u00eaveberiya ba\u015f, perwerdeh\u00ee \u00fb plan kirina be\u015fdar\u00ee li Iraq \u00fb Her\u00eama Kurdistan\u00ea ya Iraq\u00ea, bi z\u00eadetir ji 30 salan exper\u00eeyansa al\u00eekariya mirov\u00ee \u00fb p\u00ea\u015fketina civak\u00ee. Di nav xebat\u00ea min de, dikarey\u00ean min li ser pol\u00eet\u00eekaya gi\u015ft\u00ee, r\u00eaber\u00ee, \u00fb r\u00eaveberiy\u00ea b\u00fbne.<\/p>\n<p data-start=\"367\" data-end=\"648\">Ez ji malbateke mezin a hev \u00e7end zarok\u00ean ciwan hatim, \u00fb ez yek ji ke\u00e7ikan im. Di hem\u00fb dema xwendina xwe li Iraq\u00ea de, ez bi serfiraz\u00ee xwendim her \u00e7end asteng\u00ean siyas\u00ee heb\u00fbn. Wek jinek li civaka patriarkal, ez xwe p\u00ea\u015fk\u00ea\u015f kirim \u00fb di asteng\u00ean bilind \u00ean qada gi\u015ft\u00ee de bi r\u00fbmet xebit\u00eeme.<\/p>\n<p data-start=\"650\" data-end=\"1236\">Bi dij\u00ee her asteng, min dest\u00fbr\u00ea wergirt da zan\u00eengeha Harvard\u00ea \u00fb bi serket\u00ee di wergirtina mastera li ser abor\u00eeya siyas\u00ee bi karan\u00eena pol\u00eet\u00eekaya gi\u015ft\u00ee \u00fb r\u00eaveberiy\u00ea. Ez li Iraq\u00ea di r\u00eaveberiy\u00ean bilind de bi Netewey\u00ean Yekb\u00fby\u00ee \u00fb di asteng\u00ean wezaret\u00ee ya her\u00eam\u00ee \u00fb netewey\u00ee de xebit\u00eeme. Di deverek siyas\u00ee ku h\u00eazdar \u00fb t\u00eak\u00e7\u00fbnbar b\u00fb, ez wek profesyonek kar\u00fbbar\u00ea gi\u015ft\u00ee xebit\u00eeme ku prat\u00eek \u00fb l\u00eakol\u00een\u00ean gir\u00eaday\u00ee li Iraq\u00ea kir. Xebat\u00ean min bi taybet\u00ee li ser \u00e7areserkirina \u015fer, meseleya jinan, p\u00ea\u015fketina civak\u00ee, \u00fb r\u00eaveberiya \u00e7avkaniy\u00ean gi\u015ft\u00ee b\u00fbn. Ez bi r\u00fbmet, h\u00eaz \u00fb hejmar, in\u00eesyat\u00eef \u00fb serket\u00ee t\u00eagihi\u015ft\u00eeme.<\/p>\n<p data-start=\"1238\" data-end=\"2134\">Pi\u015ft\u00ee xebat\u00ea min bi IOM wek kar\u00ea profesyonel a yekem, min dest bi xebat\u00ea li UNIRCU kir, r\u00eaxistina koord\u00eenasyona bernameya al\u00eekariya mirov\u00ee ya Netewey\u00ean Yekb\u00fby\u00ee li Iraq\u00ea. UNIRCU bi taybet\u00ee li ser n\u00fbavakirin \u00fb vegerandina z\u00eadetir ji 4,000 civak\u00ean ku h\u00eaz\u00ean Saddam Hussein \u015fikestin, fokus dikir. Ev civak hildib\u00fbn gund \u00fb bajar\u00ean pi\u00e7\u00fbk \u00ean ku z\u00eadetir ji 30,000 kes heb\u00fbn. Avakirin\u00ea mal \u00fb penaberxan, pergala av \u00fb \u015f\u00fbna xwe\u015fxistinan, dibistan, navenda tenduristiy\u00ea, \u00fb r\u00eay\u00ean gih\u00ee\u015ftin\u00ea b\u00fbn \u00e7alakiy\u00ean sereke. Peywendiy\u00ean profesyonel \u00fb be\u015fdariya serkeft\u00ee ya min di qada malbat \u00fb serok\u00ean her\u00eam\u00ee de taybetmendiy\u00ean \u015fahs\u00ee \u00fb r\u00eaber\u00ee n\u00ee\u015fan da. Bi destp\u00eakirina bernameya bi f\u00eenansa z\u00eade ya \u201cOil-for-Food\u201d, min r\u00eaveberiya of\u00eesa UN-Habitat \u00fb berpirsiyariya daray\u00ee wergirt, wek yek ji karmend\u00ean her\u00eam\u00ee y\u00ean ku serok\u00ea of\u00ees\u00ea ya UN li Iraq\u00ea b\u00fb. Di v\u00ea poz\u00eesyona de j\u00ee ez serket\u00eetiya xwe di r\u00eaveber\u00ee \u00fb r\u00eaveberiy\u00ea de n\u00ee\u015fan da.<\/p>\n<p data-start=\"2136\" data-end=\"2863\">Bi armanca gih\u00ee\u015ftina poz\u00eesyona bilind di kar\u00fbbar\u00ea gi\u015ft\u00ee de, min wek Mason Fellow dest\u00fbr wergirt bo mastera nav-kar\u00ee di r\u00eaveberiya gi\u015ft\u00ee de li Dibistana Kennedy ya Harvard\u00ea. Wek her\u00ee ciwan li sinf\u00ea xwe ya 30 sal\u00ee di nav 200 xwendekar de ku temam\u00eeya temen\u00ea wan 38 b\u00fb, bi min\u00eemum 7 salan exper\u00eeyans\u00ea di kar\u00fbbar\u00ea gi\u015ft\u00ee de dema ku temam\u00eeya exper\u00eeyans\u00ea 15 sal b\u00fb, b\u00ea exper\u00eeyansa li dervey\u00ee mal\u00ea, di c\u00eeh\u00ea xwed\u00eeya xwe ya nenas de, ez bi serket\u00ee \u015fer \u00fb xebat\u00ean xwe kiriye. Bi taybet\u00ee, ez z\u00fb xwe li ders\u00ean case study y\u00ean ku xwestin amadekirina giran \u00fb be\u015fdariya xwendekaran t\u00eakevin, li gor\u00ee exper\u00eeyansa akadem\u00eek a min ya ber\u00ee ku wek f\u00eargeh\u00ea l\u00eakol\u00een\u00ean t\u00eakildar bi \u015f\u00eawaz\u00ea militar\u00ee f\u00earb\u00fbne \u00fb berpirsiyariya berpirs\u00eeyan n\u00ee\u015fan nedaye, saz kir.<\/p>\n<p data-start=\"2865\" data-end=\"3487\">Pi\u015ft\u00ee temamkirina serket\u00ee ya Harvard\u00ea, di nav de ji bo r\u00eaber\u00ean bilind di huk\u00fbmet\u00ea de f\u00earkirin\u00ean z\u00eade j\u00ee hatin, min wek Wez\u00eera N\u00fbavakirin \u00fb P\u00ea\u015fketina KRG hate \u00eeqrar kirin, poz\u00eesyona bilind ya cabinet ku berpirsiyariya p\u00ea\u015fketina pol\u00eet\u00eek\u00ea ji bo n\u00fbavakirin \u00fb vegerandina civak\u00ean \u015fikest\u00ee li du ji s\u00ea par\u00eazgehan Her\u00eama Kurdistan\u00ea, her\u00eameke ku 2 m\u00eelyon kes dij\u00een, b\u00fb. Ji bo \u00e7ar salan, di peywendiyan de bi UN-Habitat, UNICEF \u00fb NGO\u00ean navnetewey\u00ee, min bernameya huk\u00fbmeta her\u00eam\u00ee r\u00eaber\u00ee kir da ku jiyana hezar\u00ean malbata gund\u00ee y\u00ean ku pak\u00ean vegerandina zor\u00ee, \u015fikestina mal \u00fb civak \u00fb jiyana diqed\u00eet\u00eey\u00ea hatib\u00fbn p\u00ea\u015fve bibin, ba\u015ftir bikin.<\/p>\n<p data-start=\"3489\" data-end=\"3808\">Pi\u015ft\u00ee ketina j\u00ear\u00ea rej\u00eema Saddam Hussein di 2003an de, ez wek yek\u00ea ji jin\u00ean ten\u00ea li huk\u00fbmeta nav-desteya Iraq\u00ea ya yekem li Baghdad hate \u00eeqrar kirin wek Wez\u00eera \u015earedariy\u00ea \u00fb Kar\u00ean Gi\u015ft\u00ee, berpirsiyariya pergala av \u00fb \u015f\u00fbna xwe\u015fxistinan, r\u00eay\u00ean \u015faredariy\u00ea \u00fb avahiy\u00ean wan, bax \u00fb park, \u00fb plan kirina bajar\u00ee li hember hem\u00fb welat\u00ea.<\/p>\n<p data-start=\"3810\" data-end=\"4086\">Ev exper\u00eeyans b\u00fb gelek zordar di demek vegerandin \u00fb teqezay\u00ea netewey\u00ee de, r\u00eaveberiya 45,000 karmend\u00ean \u015faredariy\u00ea ya ku di qada \u015fikest\u00ee de b\u00fbn. Ez di dema 33 meh\u00ean din de li ser du huk\u00fbmet\u00ean nav-desteya din berdewam kirim, bi \u015fer \u00fb asteng\u00ean siyas\u00ee \u00fb had\u00ees\u00ean xatirxwaz t\u00eakildar.<\/p>\n<p data-start=\"4088\" data-end=\"4355\">Di v\u00ea dem\u00ea de, ez xwe bi profesyonal\u00eezm \u00fb r\u00fbmet li ber n\u00fbner\u00ean derve y\u00ean bilind, wek ambasador, wez\u00eer, serokwez\u00eer \u00fb serok\u00ean dewlet\u00ea, n\u00ee\u015fan da. Ez delegasyon\u00ean netewey\u00ee r\u00eavebir\u00ee kirim \u00fb be\u015fdar\u00ee forum\u00ean navnetewey\u00ee y\u00ean gir\u00eeng, di nav de For\u00fbma Abor\u00ee ya C\u00eehan\u00ee li Davos.<\/p>\n<p data-start=\"4357\" data-end=\"4665\">Heke j\u00ee asteng\u00ean giran heb\u00fbn, ez rew\u015f\u00ean pir problemat\u00eek bo \u00e7areseriy\u00ea veguhastim. Ji bo kar\u00fbbar\u00ea gi\u015ft\u00ee, ez nasnameya navnetewey\u00ee \u00fb xelat wergirtim. S\u00eeretiya r\u00fbmetdar \u00fb r\u00fbmeta xwe\u015f, ku b\u00ea ten\u00ea \u015fik\u00east\u00ee ye, taybetmendiy\u00ean ku min bi xwed\u00ee r\u00fbmet \u00fb desthilat\u00eey\u00ean r\u00eaber\u00ee kirin, bi hez \u00fb pi\u015ftgiriya hevkar \u00fb hevalan.<\/p>\n<p data-start=\"4667\" data-end=\"5148\">Bi Netewey\u00ean Yekb\u00fby\u00ee, Huk\u00fbmeta Her\u00eam\u00ee ya Kurdistan\u00ea, \u00fb Huk\u00fbmeta Iraq\u00ea, ez mezin b\u00fbm, p\u00ea\u015fve\u00e7\u00fbn kirim, xebit\u00eeme, \u00fb xwe wek jin\u00eak serok di kar\u00fbbar\u00ea gi\u015ft\u00ee de n\u00ee\u015fan da. Pi\u015ft\u00ee exper\u00eeyansa min a xurt li asta her\u00eam\u00ee, nav-her\u00eam\u00ee \u00fb netewey\u00ee, ez armanc dikim zan\u00een \u00fb t\u00eagihi\u015ftina siyaseta p\u00ea\u015fketin\u00ea bi \u015fopandin\u00ea di programa PhD de, li gor\u00ee f\u00earb\u00fbna min \u00fb exper\u00eeyansa mezin a min. Poz\u00eesyon\u00ean min \u00ean li asta bilind heta niha hatine destp\u00eak\u00ea bo asteng \u00fb firsat\u00ean ku ez di p\u00ea\u015f de d\u00ea r\u00fb bi r\u00fb bibim.<\/p>\n<p data-start=\"5150\" data-end=\"5503\" data-is-only-node=\"\">Ez bawer dikim ku min t\u00eagihi\u015ftina taybet \u00fb exper\u00eeyansa der\u00fbn\u00ee li her\u00eam\u00ea di van dem\u00ean gir\u00eeng de t\u00ea da. Wek kesek xwendevan ji Her\u00eama MENA ku li Baghdad hatim dinyay\u00ea, mezin b\u00fbm \u00fb xwendin\u00ea kirim, bi ereb\u00ee, kurd\u00ee \u00fb \u00eengil\u00eez\u00ee flu\u00eans, \u00fb bi taybet\u00ee wek jin, ez \u015f\u00eeret\u00ean taybet \u00fb t\u00eagihi\u015ftina ku dikarey\u00ean r\u00fbmetdar \u00fb bikar b\u00eenin bo serok \u00fb kes\u00ean din p\u00ea\u015fk\u00ea\u015f dikim.<\/p>\n<\/div><\/section>\n<\/div><\/div><\/div><!-- close content main div --><\/div><\/div><div id='welcome'  class='av-layout-grid-container av-av_layout_row-e953b38f40e1ea258d1cc83b3b2587fa entry-content-wrapper main_color av-fixed-cells  avia-builder-el-6  el_after_av_textblock  avia-builder-el-last  grid-row-not-first  container_wrap sidebar_right'  >\n\n<style type=\"text\/css\" data-created_by=\"avia_inline_auto\" id=\"style-css-av-av_cell_one_fourth-4f8fbf2777f3f69894a3778c66df7814\">\n.flex_cell.av-av_cell_one_fourth-4f8fbf2777f3f69894a3778c66df7814{\nvertical-align:top;\nheight:15px;\nmin-height:15px;\nbackground-color:#8d4448;\n}\n.responsive #top #wrap_all .flex_cell.av-av_cell_one_fourth-4f8fbf2777f3f69894a3778c66df7814{\npadding:0px 0px 0px 0px !important;\n}\n<\/style>\n<div class='flex_cell av-av_cell_one_fourth-4f8fbf2777f3f69894a3778c66df7814 av-gridrow-cell av_one_fourth no_margin  avia-builder-el-7  el_before_av_cell_one_fourth  avia-builder-el-first  content-align-top av-zero-padding'  ><div class='flex_cell_inner'><\/div><\/div>\n<style type=\"text\/css\" data-created_by=\"avia_inline_auto\" id=\"style-css-av-av_cell_one_fourth-0143d0755d31e5c3b7b5122781f0221d\">\n.flex_cell.av-av_cell_one_fourth-0143d0755d31e5c3b7b5122781f0221d{\nvertical-align:top;\nheight:15px;\nmin-height:15px;\nbackground-color:#a06567;\n}\n.responsive #top #wrap_all .flex_cell.av-av_cell_one_fourth-0143d0755d31e5c3b7b5122781f0221d{\npadding:0px 0px 0px 0px !important;\n}\n<\/style>\n<div class='flex_cell av-av_cell_one_fourth-0143d0755d31e5c3b7b5122781f0221d av-gridrow-cell av_one_fourth no_margin  avia-builder-el-8  el_after_av_cell_one_fourth  el_before_av_cell_one_fourth  content-align-top av-zero-padding'  ><div class='flex_cell_inner'><\/div><\/div>\n<style type=\"text\/css\" data-created_by=\"avia_inline_auto\" id=\"style-css-av-av_cell_one_fourth-014611645389d8d09c372f97529b9ec4\">\n.flex_cell.av-av_cell_one_fourth-014611645389d8d09c372f97529b9ec4{\nvertical-align:top;\nheight:15px;\nmin-height:15px;\nbackground-color:#ba8f8e;\n}\n.responsive #top #wrap_all .flex_cell.av-av_cell_one_fourth-014611645389d8d09c372f97529b9ec4{\npadding:0px 0px 0px 0px !important;\n}\n<\/style>\n<div class='flex_cell av-av_cell_one_fourth-014611645389d8d09c372f97529b9ec4 av-gridrow-cell av_one_fourth no_margin  avia-builder-el-9  el_after_av_cell_one_fourth  el_before_av_cell_one_fourth  content-align-top av-zero-padding'  ><div class='flex_cell_inner'><\/div><\/div>\n<style type=\"text\/css\" data-created_by=\"avia_inline_auto\" id=\"style-css-av-av_cell_one_fourth-60d0b05e1d871b8c4ea2effd4534b797\">\n.flex_cell.av-av_cell_one_fourth-60d0b05e1d871b8c4ea2effd4534b797{\nvertical-align:top;\nheight:15px;\nmin-height:15px;\nbackground-color:#e6d4d5;\n}\n.responsive #top #wrap_all .flex_cell.av-av_cell_one_fourth-60d0b05e1d871b8c4ea2effd4534b797{\npadding:0px 0px 0px 0px !important;\n}\n<\/style>\n<div class='flex_cell av-av_cell_one_fourth-60d0b05e1d871b8c4ea2effd4534b797 av-gridrow-cell av_one_fourth no_margin  avia-builder-el-10  el_after_av_cell_one_fourth  avia-builder-el-last  content-align-top av-zero-padding'  ><div class='flex_cell_inner'><\/div><\/div>\n<\/div>\n","protected":false},"excerpt":{"rendered":"","protected":false},"author":1,"featured_media":0,"parent":4603,"menu_order":0,"comment_status":"closed","ping_status":"closed","template":"","meta":{"_uag_custom_page_level_css":"","footnotes":""},"class_list":["post-5140","page","type-page","status-publish","hentry"],"_hostinger_reach_plugin_has_subscription_block":false,"_hostinger_reach_plugin_is_elementor":false,"uagb_featured_image_src":{"full":false,"thumbnail":false,"medium":false,"medium_large":false,"large":false,"1536x1536":false,"2048x2048":false,"widget":false,"square":false,"featured":false,"featured_large":false,"extra_large":false,"portfolio":false,"portfolio_small":false,"gallery":false,"magazine":false,"masonry":false,"entry_with_sidebar":false,"entry_without_sidebar":false},"uagb_author_info":{"display_name":"Dr. Nesreen Barwari","author_link":"https:\/\/nesreenbarwari.com\/krm\/author\/blndxpgmail-com\/"},"uagb_comment_info":0,"uagb_excerpt":null,"_links":{"self":[{"href":"https:\/\/nesreenbarwari.com\/krm\/wp-json\/wp\/v2\/pages\/5140","targetHints":{"allow":["GET"]}}],"collection":[{"href":"https:\/\/nesreenbarwari.com\/krm\/wp-json\/wp\/v2\/pages"}],"about":[{"href":"https:\/\/nesreenbarwari.com\/krm\/wp-json\/wp\/v2\/types\/page"}],"author":[{"embeddable":true,"href":"https:\/\/nesreenbarwari.com\/krm\/wp-json\/wp\/v2\/users\/1"}],"replies":[{"embeddable":true,"href":"https:\/\/nesreenbarwari.com\/krm\/wp-json\/wp\/v2\/comments?post=5140"}],"version-history":[{"count":2,"href":"https:\/\/nesreenbarwari.com\/krm\/wp-json\/wp\/v2\/pages\/5140\/revisions"}],"predecessor-version":[{"id":5143,"href":"https:\/\/nesreenbarwari.com\/krm\/wp-json\/wp\/v2\/pages\/5140\/revisions\/5143"}],"up":[{"embeddable":true,"href":"https:\/\/nesreenbarwari.com\/krm\/wp-json\/wp\/v2\/pages\/4603"}],"wp:attachment":[{"href":"https:\/\/nesreenbarwari.com\/krm\/wp-json\/wp\/v2\/media?parent=5140"}],"curies":[{"name":"wp","href":"https:\/\/api.w.org\/{rel}","templated":true}]}}